{"id":97,"date":"2018-07-23T15:51:23","date_gmt":"2018-07-23T18:51:23","guid":{"rendered":"https:\/\/sites.pr.sebrae.com.br\/wiki\/?page_id=97"},"modified":"2020-11-17T12:21:06","modified_gmt":"2020-11-17T15:21:06","slug":"carrinho","status":"publish","type":"page","link":"https:\/\/sites.pr.sebrae.com.br\/wiki\/interacao\/cadastro-interacao\/carrinho\/","title":{"rendered":"Carrinho"},"content":{"rendered":"<section class=\"av_textblock_section \"  itemscope=\"itemscope\" itemtype=\"https:\/\/schema.org\/CreativeWork\" ><div class='avia_textblock  '   itemprop=\"text\" ><h2><strong><span id=\"Carrinho\" class=\"mw-headline\">Carrinho<\/span><\/strong><\/h2>\n<p>Logo acima do painel de cliente temos um bot\u00e3o que \u00e9 o <strong>Ver Conte\u00fado<\/strong>.<\/p>\n<p><img loading=\"lazy\" class=\"alignnone size-full wp-image-167\" src=\"https:\/\/sites.pr.sebrae.com.br\/wiki\/wp-content\/uploads\/2018\/07\/Cadastroint_carrinho_1.jpg\" alt=\"\" width=\"385\" height=\"116\" srcset=\"https:\/\/sites.pr.sebrae.com.br\/wiki\/wp-content\/uploads\/2018\/07\/Cadastroint_carrinho_1.jpg 385w, https:\/\/sites.pr.sebrae.com.br\/wiki\/wp-content\/uploads\/2018\/07\/Cadastroint_carrinho_1-300x90.jpg 300w\" sizes=\"(max-width: 385px) 100vw, 385px\" \/><\/p>\n<p>Ao clicar nele, \u00e9 poss\u00edvel realizar uma busca de eventos disponibilizados pelo Sebrae.<br \/>\nEssa busca pode ser feita de varias maneira, que pode ser desde o numero da disponibiliza\u00e7\u00e3o a unidade em que o evento vai acontecer.<\/p>\n<p>Vale lembrar que somente devem aparecer os eventos relacionados a unidade em que o usu\u00e1rio estiver logado, como por exemplo n\u00e3o ser\u00e1 poss\u00edvel buscar um evento de Foz do Igua\u00e7u se a unidade que voc\u00ea estiver logado for Curitiba. Somente a Central de Relacionamento pode realizar venda por todas as unidades.<\/p>\n<p>Mas caso seja necess\u00e1rio que um unidade realize a venda por outra, basta solicitar a UTIC que o cadastro de permiss\u00e3o de venda por unidade poder\u00e1 ser atualizado.<\/p>\n<p>Preenchendo uma das informa\u00e7\u00f5es de busca e o evento ser\u00e1 listado dentro da sua categoria:<\/p>\n<p><img loading=\"lazy\" class=\"alignnone size-full wp-image-168\" src=\"https:\/\/sites.pr.sebrae.com.br\/wiki\/wp-content\/uploads\/2018\/07\/Cadastroint_carrinho_2.jpg\" alt=\"\" width=\"360\" height=\"409\" srcset=\"https:\/\/sites.pr.sebrae.com.br\/wiki\/wp-content\/uploads\/2018\/07\/Cadastroint_carrinho_2.jpg 360w, https:\/\/sites.pr.sebrae.com.br\/wiki\/wp-content\/uploads\/2018\/07\/Cadastroint_carrinho_2-264x300.jpg 264w\" sizes=\"(max-width: 360px) 100vw, 360px\" \/><\/p>\n<p>Encontrado o evento clique no carrinho que aparece ao final da linha, com isso ser\u00e1 exibido o evento conforme o produto e agenda. Caso a agenda n\u00e3o esteja aparecendo, pode ser que ele j\u00e1 tenha acontecido, ent\u00e3o basta clicar no filtro Exibir disponibiliza\u00e7\u00f5es e selecionar uma das outras op\u00e7\u00f5es:<\/p>\n<p><img loading=\"lazy\" class=\"alignnone wp-image-1059 \" src=\"https:\/\/sites.pr.sebrae.com.br\/wiki\/wp-content\/uploads\/2020\/11\/carrinho.jpg\" alt=\"\" width=\"753\" height=\"219\" srcset=\"https:\/\/sites.pr.sebrae.com.br\/wiki\/wp-content\/uploads\/2020\/11\/carrinho.jpg 916w, https:\/\/sites.pr.sebrae.com.br\/wiki\/wp-content\/uploads\/2020\/11\/carrinho-300x87.jpg 300w, https:\/\/sites.pr.sebrae.com.br\/wiki\/wp-content\/uploads\/2020\/11\/carrinho-768x223.jpg 768w, https:\/\/sites.pr.sebrae.com.br\/wiki\/wp-content\/uploads\/2020\/11\/carrinho-705x205.jpg 705w, https:\/\/sites.pr.sebrae.com.br\/wiki\/wp-content\/uploads\/2020\/11\/carrinho-450x131.jpg 450w\" sizes=\"(max-width: 753px) 100vw, 753px\" \/><\/p>\n<p>Para realizar a inscri\u00e7\u00e3o, selecione a agenda desejada e clique no carrinho, o item ser\u00e1 direcionado a aba Carrinho e ser\u00e1 poss\u00edvel selecionar o participante e escolher a forma de pagamento. Obs.: se o evento foi cadastro com cupom de desconto, preencha a op\u00e7\u00e3o Inserir Voucher com o c\u00f3digo do cupom, dessa forma o desconto ser\u00e1 aplicado:<\/p>\n<p><img loading=\"lazy\" class=\"alignnone wp-image-1060 \" src=\"https:\/\/sites.pr.sebrae.com.br\/wiki\/wp-content\/uploads\/2020\/11\/carrinho2.jpg\" alt=\"\" width=\"703\" height=\"415\" srcset=\"https:\/\/sites.pr.sebrae.com.br\/wiki\/wp-content\/uploads\/2020\/11\/carrinho2.jpg 899w, https:\/\/sites.pr.sebrae.com.br\/wiki\/wp-content\/uploads\/2020\/11\/carrinho2-300x177.jpg 300w, https:\/\/sites.pr.sebrae.com.br\/wiki\/wp-content\/uploads\/2020\/11\/carrinho2-768x454.jpg 768w, https:\/\/sites.pr.sebrae.com.br\/wiki\/wp-content\/uploads\/2020\/11\/carrinho2-705x416.jpg 705w, https:\/\/sites.pr.sebrae.com.br\/wiki\/wp-content\/uploads\/2020\/11\/carrinho2-450x266.jpg 450w\" sizes=\"(max-width: 703px) 100vw, 703px\" \/><\/p>\n<p>Ao selecionar as pessoas, o cliente inserido na intera\u00e7\u00e3o ser\u00e1 adicionado automaticamente, tamb\u00e9m ser\u00e1 poss\u00edvel adicionar novos participantes, basta realizar a busca e incluir:<\/p>\n<p><img loading=\"lazy\" class=\"alignnone wp-image-171\" src=\"https:\/\/sites.pr.sebrae.com.br\/wiki\/wp-content\/uploads\/2018\/07\/Cadastroint_carrinho_5.jpg\" alt=\"\" width=\"455\" height=\"208\" srcset=\"https:\/\/sites.pr.sebrae.com.br\/wiki\/wp-content\/uploads\/2018\/07\/Cadastroint_carrinho_5.jpg 593w, https:\/\/sites.pr.sebrae.com.br\/wiki\/wp-content\/uploads\/2018\/07\/Cadastroint_carrinho_5-300x137.jpg 300w, https:\/\/sites.pr.sebrae.com.br\/wiki\/wp-content\/uploads\/2018\/07\/Cadastroint_carrinho_5-450x206.jpg 450w\" sizes=\"(max-width: 455px) 100vw, 455px\" \/><\/p>\n<p>Caso o evento disponibilize cortesias, selecionar a op\u00e7\u00e3o <img loading=\"lazy\" class=\"alignnone size-full wp-image-172\" src=\"https:\/\/sites.pr.sebrae.com.br\/wiki\/wp-content\/uploads\/2018\/07\/Cadastroint_carrinho_6.jpg\" alt=\"\" width=\"25\" height=\"23\" \/>, com o item adicionado basta selecionar o participante.<\/p>\n<p><img loading=\"lazy\" class=\"alignnone wp-image-173\" src=\"https:\/\/sites.pr.sebrae.com.br\/wiki\/wp-content\/uploads\/2018\/07\/Cadastroint_carrinho_7.jpg\" alt=\"\" width=\"651\" height=\"150\" srcset=\"https:\/\/sites.pr.sebrae.com.br\/wiki\/wp-content\/uploads\/2018\/07\/Cadastroint_carrinho_7.jpg 888w, https:\/\/sites.pr.sebrae.com.br\/wiki\/wp-content\/uploads\/2018\/07\/Cadastroint_carrinho_7-300x69.jpg 300w, https:\/\/sites.pr.sebrae.com.br\/wiki\/wp-content\/uploads\/2018\/07\/Cadastroint_carrinho_7-768x177.jpg 768w, https:\/\/sites.pr.sebrae.com.br\/wiki\/wp-content\/uploads\/2018\/07\/Cadastroint_carrinho_7-705x163.jpg 705w, https:\/\/sites.pr.sebrae.com.br\/wiki\/wp-content\/uploads\/2018\/07\/Cadastroint_carrinho_7-450x104.jpg 450w\" sizes=\"(max-width: 651px) 100vw, 651px\" \/><\/p>\n<p>Ao final do processo clique em Continuar intera\u00e7\u00e3o <img loading=\"lazy\" class=\"alignnone size-full wp-image-174\" src=\"https:\/\/sites.pr.sebrae.com.br\/wiki\/wp-content\/uploads\/2018\/07\/Cadastroint_carrinho_8.jpg\" alt=\"\" width=\"140\" height=\"28\" \/>\u00a0.<\/p>\n<\/div><\/section>\n<div class='av-buildercomment  '><\/div>\n","protected":false},"excerpt":{"rendered":"","protected":false},"author":2,"featured_media":0,"parent":82,"menu_order":4,"comment_status":"open","ping_status":"closed","template":"","meta":[],"_links":{"self":[{"href":"https:\/\/sites.pr.sebrae.com.br\/wiki\/wp-json\/wp\/v2\/pages\/97"}],"collection":[{"href":"https:\/\/sites.pr.sebrae.com.br\/wiki\/wp-json\/wp\/v2\/pages"}],"about":[{"href":"https:\/\/sites.pr.sebrae.com.br\/wiki\/wp-json\/wp\/v2\/types\/page"}],"author":[{"embeddable":true,"href":"https:\/\/sites.pr.sebrae.com.br\/wiki\/wp-json\/wp\/v2\/users\/2"}],"replies":[{"embeddable":true,"href":"https:\/\/sites.pr.sebrae.com.br\/wiki\/wp-json\/wp\/v2\/comments?post=97"}],"version-history":[{"count":9,"href":"https:\/\/sites.pr.sebrae.com.br\/wiki\/wp-json\/wp\/v2\/pages\/97\/revisions"}],"predecessor-version":[{"id":1062,"href":"https:\/\/sites.pr.sebrae.com.br\/wiki\/wp-json\/wp\/v2\/pages\/97\/revisions\/1062"}],"up":[{"embeddable":true,"href":"https:\/\/sites.pr.sebrae.com.br\/wiki\/wp-json\/wp\/v2\/pages\/82"}],"wp:attachment":[{"href":"https:\/\/sites.pr.sebrae.com.br\/wiki\/wp-json\/wp\/v2\/media?parent=97"}],"curies":[{"name":"wp","href":"https:\/\/api.w.org\/{rel}","templated":true}]}}