{"id":90,"date":"2018-07-23T15:48:31","date_gmt":"2018-07-23T18:48:31","guid":{"rendered":"https:\/\/sites.pr.sebrae.com.br\/wiki\/?page_id=90"},"modified":"2020-11-17T11:35:10","modified_gmt":"2020-11-17T14:35:10","slug":"inserindo-participante","status":"publish","type":"page","link":"https:\/\/sites.pr.sebrae.com.br\/wiki\/interacao\/cadastro-interacao\/inserindo-participante\/","title":{"rendered":"Inserindo participante"},"content":{"rendered":"<section class=\"av_textblock_section \"  itemscope=\"itemscope\" itemtype=\"https:\/\/schema.org\/CreativeWork\" ><div class='avia_textblock  '   itemprop=\"text\" ><h2><strong>Inserindo participante<\/strong><\/h2>\n<p>Para inserir um participante no atendimento por intera\u00e7\u00e3o basta preencher o nome completo ou CPF do cliente, o sistema ira realizar uma busca para encontrar o cliente em nossa base:<\/p>\n<p><img loading=\"lazy\" class=\"alignnone wp-image-152\" src=\"https:\/\/sites.pr.sebrae.com.br\/wiki\/wp-content\/uploads\/2018\/07\/Cadastroint_8.jpg\" alt=\"\" width=\"477\" height=\"121\" srcset=\"https:\/\/sites.pr.sebrae.com.br\/wiki\/wp-content\/uploads\/2018\/07\/Cadastroint_8.jpg 576w, https:\/\/sites.pr.sebrae.com.br\/wiki\/wp-content\/uploads\/2018\/07\/Cadastroint_8-300x76.jpg 300w, https:\/\/sites.pr.sebrae.com.br\/wiki\/wp-content\/uploads\/2018\/07\/Cadastroint_8-450x114.jpg 450w\" sizes=\"(max-width: 477px) 100vw, 477px\" \/><\/p>\n<p>Tamb\u00e9m pode ser utilizada a lupa, onde a busca ser\u00e1 feita diretamente no CRM , ap\u00f3s realizar a busca, basta clicar em visualizar o cadastro e depois em ATENDIMENTO:<\/p>\n<p><img loading=\"lazy\" class=\"alignnone size-full wp-image-1049\" src=\"https:\/\/sites.pr.sebrae.com.br\/wiki\/wp-content\/uploads\/2020\/11\/consulta_crm.jpg\" alt=\"\" width=\"1071\" height=\"249\" srcset=\"https:\/\/sites.pr.sebrae.com.br\/wiki\/wp-content\/uploads\/2020\/11\/consulta_crm.jpg 1071w, https:\/\/sites.pr.sebrae.com.br\/wiki\/wp-content\/uploads\/2020\/11\/consulta_crm-300x70.jpg 300w, https:\/\/sites.pr.sebrae.com.br\/wiki\/wp-content\/uploads\/2020\/11\/consulta_crm-1030x239.jpg 1030w, https:\/\/sites.pr.sebrae.com.br\/wiki\/wp-content\/uploads\/2020\/11\/consulta_crm-768x179.jpg 768w, https:\/\/sites.pr.sebrae.com.br\/wiki\/wp-content\/uploads\/2020\/11\/consulta_crm-705x164.jpg 705w, https:\/\/sites.pr.sebrae.com.br\/wiki\/wp-content\/uploads\/2020\/11\/consulta_crm-450x105.jpg 450w\" sizes=\"(max-width: 1071px) 100vw, 1071px\" \/><\/p>\n<p>Dependendo do tipo de intera\u00e7\u00e3o selecionada, ser\u00e1 poss\u00edvel adicionar mais de um participante, basta clicar em adicionar e buscar o pr\u00f3ximo. Com o participante inserido \u00e9 poss\u00edvel vincular o atendimento desse cliente a empresa em que faz parte, as empresas devem aparecer logo ap\u00f3s o participante ser inclu\u00eddo na lista.<\/p>\n<p><img loading=\"lazy\" class=\"alignnone size-full wp-image-155\" src=\"https:\/\/sites.pr.sebrae.com.br\/wiki\/wp-content\/uploads\/2018\/07\/Cadastroint_11.jpg\" alt=\"\" width=\"569\" height=\"254\" srcset=\"https:\/\/sites.pr.sebrae.com.br\/wiki\/wp-content\/uploads\/2018\/07\/Cadastroint_11.jpg 569w, https:\/\/sites.pr.sebrae.com.br\/wiki\/wp-content\/uploads\/2018\/07\/Cadastroint_11-300x134.jpg 300w, https:\/\/sites.pr.sebrae.com.br\/wiki\/wp-content\/uploads\/2018\/07\/Cadastroint_11-450x201.jpg 450w\" sizes=\"(max-width: 569px) 100vw, 569px\" \/><\/p>\n<p>O pr\u00f3ximo item \u00e9 de que forma o atendimento aconteceu, que deve ser preenchido com o status do cliente no momento do atendimento, que pode ser desde WhatsApp a Presencial, tamb\u00e9m dependendo do tipo de configura\u00e7\u00e3o do <a href=\"https:\/\/sites.pr.sebrae.com.br\/wiki\/interacao\/cadastro-tipoint\/\">Tipo de Intera\u00e7\u00e3o<\/a>, e qual o descritivo daquele atendimento:<\/p>\n<p><img loading=\"lazy\" class=\"alignnone size-full wp-image-156\" src=\"https:\/\/sites.pr.sebrae.com.br\/wiki\/wp-content\/uploads\/2018\/07\/Cadastroint_12.jpg\" alt=\"\" width=\"568\" height=\"83\" srcset=\"https:\/\/sites.pr.sebrae.com.br\/wiki\/wp-content\/uploads\/2018\/07\/Cadastroint_12.jpg 568w, https:\/\/sites.pr.sebrae.com.br\/wiki\/wp-content\/uploads\/2018\/07\/Cadastroint_12-300x44.jpg 300w, https:\/\/sites.pr.sebrae.com.br\/wiki\/wp-content\/uploads\/2018\/07\/Cadastroint_12-450x66.jpg 450w\" sizes=\"(max-width: 568px) 100vw, 568px\" \/><\/p>\n<p>O processo de ouvidoria deve ser selecionado quando o atendimento for referente a algum tipo de situa\u00e7\u00e3o que seja necess\u00e1rio a ouvidoria interferir como por exemplo algum tipo de reclama\u00e7\u00e3o.<\/p>\n<p><img loading=\"lazy\" class=\"alignnone size-full wp-image-157\" src=\"https:\/\/sites.pr.sebrae.com.br\/wiki\/wp-content\/uploads\/2018\/07\/Cadastroint_13.jpg\" alt=\"\" width=\"561\" height=\"251\" srcset=\"https:\/\/sites.pr.sebrae.com.br\/wiki\/wp-content\/uploads\/2018\/07\/Cadastroint_13.jpg 561w, https:\/\/sites.pr.sebrae.com.br\/wiki\/wp-content\/uploads\/2018\/07\/Cadastroint_13-300x134.jpg 300w, https:\/\/sites.pr.sebrae.com.br\/wiki\/wp-content\/uploads\/2018\/07\/Cadastroint_13-450x201.jpg 450w\" sizes=\"(max-width: 561px) 100vw, 561px\" \/><\/p>\n<p>Ao final da tela aparece a op\u00e7\u00e3o de encaminhar o atendimento a outro colaborador, basta preencher as informa\u00e7\u00f5es necess\u00e1rias e clicar em incluir que automaticamente um encaminhamento ser\u00e1 gerado na lista de pendencias da pessoa selecionada.<br \/>\nEsse encaminhamento pode ser do tipo que exige intera\u00e7\u00e3o, isso vai exigir que o atendente realize uma nova intera\u00e7\u00e3o com o cliente. Ou pode ser do tipo que apenas exige leitura, onde o atendente somente ira precisar visualizar a intera\u00e7\u00e3o que foi realizada.<\/p>\n<p><img loading=\"lazy\" class=\"alignnone size-full wp-image-158\" src=\"https:\/\/sites.pr.sebrae.com.br\/wiki\/wp-content\/uploads\/2018\/07\/Cadastroint_14.jpg\" alt=\"\" width=\"566\" height=\"269\" srcset=\"https:\/\/sites.pr.sebrae.com.br\/wiki\/wp-content\/uploads\/2018\/07\/Cadastroint_14.jpg 566w, https:\/\/sites.pr.sebrae.com.br\/wiki\/wp-content\/uploads\/2018\/07\/Cadastroint_14-300x143.jpg 300w, https:\/\/sites.pr.sebrae.com.br\/wiki\/wp-content\/uploads\/2018\/07\/Cadastroint_14-450x214.jpg 450w\" sizes=\"(max-width: 566px) 100vw, 566px\" \/><\/p>\n<\/div><\/section>\n<div class='av-buildercomment  '><\/div>\n","protected":false},"excerpt":{"rendered":"","protected":false},"author":2,"featured_media":0,"parent":82,"menu_order":2,"comment_status":"open","ping_status":"open","template":"","meta":[],"_links":{"self":[{"href":"https:\/\/sites.pr.sebrae.com.br\/wiki\/wp-json\/wp\/v2\/pages\/90"}],"collection":[{"href":"https:\/\/sites.pr.sebrae.com.br\/wiki\/wp-json\/wp\/v2\/pages"}],"about":[{"href":"https:\/\/sites.pr.sebrae.com.br\/wiki\/wp-json\/wp\/v2\/types\/page"}],"author":[{"embeddable":true,"href":"https:\/\/sites.pr.sebrae.com.br\/wiki\/wp-json\/wp\/v2\/users\/2"}],"replies":[{"embeddable":true,"href":"https:\/\/sites.pr.sebrae.com.br\/wiki\/wp-json\/wp\/v2\/comments?post=90"}],"version-history":[{"count":8,"href":"https:\/\/sites.pr.sebrae.com.br\/wiki\/wp-json\/wp\/v2\/pages\/90\/revisions"}],"predecessor-version":[{"id":1051,"href":"https:\/\/sites.pr.sebrae.com.br\/wiki\/wp-json\/wp\/v2\/pages\/90\/revisions\/1051"}],"up":[{"embeddable":true,"href":"https:\/\/sites.pr.sebrae.com.br\/wiki\/wp-json\/wp\/v2\/pages\/82"}],"wp:attachment":[{"href":"https:\/\/sites.pr.sebrae.com.br\/wiki\/wp-json\/wp\/v2\/media?parent=90"}],"curies":[{"name":"wp","href":"https:\/\/api.w.org\/{rel}","templated":true}]}}