{"id":82,"date":"2018-07-23T15:45:25","date_gmt":"2018-07-23T18:45:25","guid":{"rendered":"https:\/\/sites.pr.sebrae.com.br\/wiki\/?page_id=82"},"modified":"2018-09-17T10:22:58","modified_gmt":"2018-09-17T13:22:58","slug":"cadastro-interacao","status":"publish","type":"page","link":"https:\/\/sites.pr.sebrae.com.br\/wiki\/interacao\/cadastro-interacao\/","title":{"rendered":"Cadastro intera\u00e7\u00e3o"},"content":{"rendered":"<section class=\"av_textblock_section \"  itemscope=\"itemscope\" itemtype=\"https:\/\/schema.org\/CreativeWork\" ><div class='avia_textblock  '   itemprop=\"text\" ><h1 id=\"firstHeading\" class=\"firstHeading\" lang=\"pt-BR\">CADASTRO DE INTERA\u00c7\u00c3O<\/h1>\n<hr \/>\n<div id=\"bodyContent\" class=\"mw-body-content\">\n<div id=\"mw-content-text\" class=\"mw-content-ltr\" dir=\"ltr\" lang=\"pt-BR\">\n<div class=\"mw-parser-output\">\n<p>Intera\u00e7\u00e3o \u00e9 a forma de registrar os atendimentos realizados com nossos clientes, por ela tamb\u00e9m \u00e9 poss\u00edvel realizar a venda de cursos e consultorias, verificar o hist\u00f3rico de atendimentos, realizar a troca de uma agenda, dentre outras funcionalidades.<\/p>\n<ul class=\"children\">\n<li class=\"page_item page-item-85\"><a href=\"https:\/\/sites.pr.sebrae.com.br\/wiki\/interacao\/cadastro-interacao\/iniciando-uma-interacao\/\">Iniciando uma intera\u00e7\u00e3o<\/a><\/li>\n<li class=\"page_item page-item-90\"><a href=\"https:\/\/sites.pr.sebrae.com.br\/wiki\/interacao\/cadastro-interacao\/inserindo-participante\/\">Inserindo participante<\/a><\/li>\n<li class=\"page_item page-item-94\"><a href=\"https:\/\/sites.pr.sebrae.com.br\/wiki\/interacao\/cadastro-interacao\/painel-do-cliente\/\">Painel do Cliente<\/a><\/li>\n<li class=\"page_item page-item-97\"><a href=\"https:\/\/sites.pr.sebrae.com.br\/wiki\/interacao\/cadastro-interacao\/carrinho\/\">Carrinho<\/a><\/li>\n<li class=\"page_item page-item-100\"><a href=\"https:\/\/sites.pr.sebrae.com.br\/wiki\/interacao\/cadastro-interacao\/finalizando-a-interacao\/\">Finalizando a intera\u00e7\u00e3o<\/a><\/li>\n<\/ul>\n<\/div>\n<\/div>\n<\/div>\n<\/div><\/section>\n<div class='av-buildercomment  '><\/div>\n","protected":false},"excerpt":{"rendered":"","protected":false},"author":2,"featured_media":0,"parent":54,"menu_order":1,"comment_status":"closed","ping_status":"closed","template":"","meta":[],"_links":{"self":[{"href":"https:\/\/sites.pr.sebrae.com.br\/wiki\/wp-json\/wp\/v2\/pages\/82"}],"collection":[{"href":"https:\/\/sites.pr.sebrae.com.br\/wiki\/wp-json\/wp\/v2\/pages"}],"about":[{"href":"https:\/\/sites.pr.sebrae.com.br\/wiki\/wp-json\/wp\/v2\/types\/page"}],"author":[{"embeddable":true,"href":"https:\/\/sites.pr.sebrae.com.br\/wiki\/wp-json\/wp\/v2\/users\/2"}],"replies":[{"embeddable":true,"href":"https:\/\/sites.pr.sebrae.com.br\/wiki\/wp-json\/wp\/v2\/comments?post=82"}],"version-history":[{"count":15,"href":"https:\/\/sites.pr.sebrae.com.br\/wiki\/wp-json\/wp\/v2\/pages\/82\/revisions"}],"predecessor-version":[{"id":904,"href":"https:\/\/sites.pr.sebrae.com.br\/wiki\/wp-json\/wp\/v2\/pages\/82\/revisions\/904"}],"up":[{"embeddable":true,"href":"https:\/\/sites.pr.sebrae.com.br\/wiki\/wp-json\/wp\/v2\/pages\/54"}],"wp:attachment":[{"href":"https:\/\/sites.pr.sebrae.com.br\/wiki\/wp-json\/wp\/v2\/media?parent=82"}],"curies":[{"name":"wp","href":"https:\/\/api.w.org\/{rel}","templated":true}]}}