{"id":806,"date":"2018-11-11T22:12:07","date_gmt":"2018-11-12T00:12:07","guid":{"rendered":"https:\/\/sites.pr.sebrae.com.br\/wiki\/?page_id=806"},"modified":"2018-11-11T22:12:07","modified_gmt":"2018-11-12T00:12:07","slug":"lista-de-espera","status":"publish","type":"page","link":"https:\/\/sites.pr.sebrae.com.br\/wiki\/disponibilizacao\/cadastro-disp\/lista-de-espera\/","title":{"rendered":"Lista de espera"},"content":{"rendered":"<section class=\"av_textblock_section \"  itemscope=\"itemscope\" itemtype=\"https:\/\/schema.org\/CreativeWork\" ><div class='avia_textblock  '   itemprop=\"text\" ><h2>Disponibiliza\u00e7\u00e3o &#8211; Lista de espera<\/h2>\n<p>A lista de espera se refere a clientes aguardando um novo evento para que possa ser inscrito, os participantes podem ser inseridos nessa lista atrav\u00e9s de intera\u00e7\u00e3o ou pela loja quando um evento estiver com status de esgotado.<\/p>\n<p>Ao cadastrar uma disponibiliza\u00e7\u00e3o, se houver clientes na lista de espera do produto, aparecer\u00e1 a seguinte mensagem.<\/p>\n<p><img loading=\"lazy\" class=\"alignnone size-full wp-image-807\" src=\"https:\/\/sites.pr.sebrae.com.br\/wiki\/wp-content\/uploads\/2018\/11\/esperadisp_1.png\" alt=\"\" width=\"471\" height=\"131\" srcset=\"https:\/\/sites.pr.sebrae.com.br\/wiki\/wp-content\/uploads\/2018\/11\/esperadisp_1.png 471w, https:\/\/sites.pr.sebrae.com.br\/wiki\/wp-content\/uploads\/2018\/11\/esperadisp_1-300x83.png 300w, https:\/\/sites.pr.sebrae.com.br\/wiki\/wp-content\/uploads\/2018\/11\/esperadisp_1-450x125.png 450w\" sizes=\"(max-width: 471px) 100vw, 471px\" \/><\/p>\n<p>Ap\u00f3s a cria\u00e7\u00e3o da disponibiliza\u00e7\u00e3o, voc\u00ea dever\u00e1 ir para a aba <strong>Acompanhamento<\/strong>.<\/p>\n<p>Clique no item <strong>Lista de clientes em fila de espera<\/strong>.<\/p>\n<p><img loading=\"lazy\" class=\"alignnone size-full wp-image-808\" src=\"https:\/\/sites.pr.sebrae.com.br\/wiki\/wp-content\/uploads\/2018\/11\/esperadisp_2.png\" alt=\"\" width=\"308\" height=\"299\" srcset=\"https:\/\/sites.pr.sebrae.com.br\/wiki\/wp-content\/uploads\/2018\/11\/esperadisp_2.png 308w, https:\/\/sites.pr.sebrae.com.br\/wiki\/wp-content\/uploads\/2018\/11\/esperadisp_2-300x291.png 300w, https:\/\/sites.pr.sebrae.com.br\/wiki\/wp-content\/uploads\/2018\/11\/esperadisp_2-36x36.png 36w\" sizes=\"(max-width: 308px) 100vw, 308px\" \/><\/p>\n<p>Nesta tela, voc\u00ea poder\u00e1 verificar todos os clientes que est\u00e3o na lista de espera, podendo enviar um e-mail diretamente do sistema para o mesmo.<\/p>\n<p><img loading=\"lazy\" class=\"alignnone size-full wp-image-809\" src=\"https:\/\/sites.pr.sebrae.com.br\/wiki\/wp-content\/uploads\/2018\/11\/esperadisp_3.png\" alt=\"\" width=\"858\" height=\"297\" srcset=\"https:\/\/sites.pr.sebrae.com.br\/wiki\/wp-content\/uploads\/2018\/11\/esperadisp_3.png 858w, https:\/\/sites.pr.sebrae.com.br\/wiki\/wp-content\/uploads\/2018\/11\/esperadisp_3-300x104.png 300w, https:\/\/sites.pr.sebrae.com.br\/wiki\/wp-content\/uploads\/2018\/11\/esperadisp_3-768x266.png 768w, https:\/\/sites.pr.sebrae.com.br\/wiki\/wp-content\/uploads\/2018\/11\/esperadisp_3-705x244.png 705w, https:\/\/sites.pr.sebrae.com.br\/wiki\/wp-content\/uploads\/2018\/11\/esperadisp_3-450x156.png 450w\" sizes=\"(max-width: 858px) 100vw, 858px\" \/><\/p>\n<p>Para voc\u00ea incluir os clientes na disponibiliza\u00e7\u00e3o, voc\u00ea ter\u00e1 que entrar em contato com o mesmo para verificar a disponibilidade para participar do evento, basta clicar no envelope que a tela para envio do e-mail vai abrir.<\/p>\n<p><img loading=\"lazy\" class=\"alignnone size-full wp-image-810\" src=\"https:\/\/sites.pr.sebrae.com.br\/wiki\/wp-content\/uploads\/2018\/11\/esperadisp_4.png\" alt=\"\" width=\"466\" height=\"462\" srcset=\"https:\/\/sites.pr.sebrae.com.br\/wiki\/wp-content\/uploads\/2018\/11\/esperadisp_4.png 466w, https:\/\/sites.pr.sebrae.com.br\/wiki\/wp-content\/uploads\/2018\/11\/esperadisp_4-80x80.png 80w, https:\/\/sites.pr.sebrae.com.br\/wiki\/wp-content\/uploads\/2018\/11\/esperadisp_4-300x297.png 300w, https:\/\/sites.pr.sebrae.com.br\/wiki\/wp-content\/uploads\/2018\/11\/esperadisp_4-36x36.png 36w, https:\/\/sites.pr.sebrae.com.br\/wiki\/wp-content\/uploads\/2018\/11\/esperadisp_4-120x120.png 120w, https:\/\/sites.pr.sebrae.com.br\/wiki\/wp-content\/uploads\/2018\/11\/esperadisp_4-450x446.png 450w\" sizes=\"(max-width: 466px) 100vw, 466px\" \/><\/p>\n<p>Com a resposta positiva do cliente, voc\u00ea deve gerar uma intera\u00e7\u00e3o de manuten\u00e7\u00e3o de relacionamento e realizar a inscri\u00e7\u00e3o do participante.<\/p>\n<\/div><\/section>\n<div class='av-buildercomment  '><\/div>\n","protected":false},"excerpt":{"rendered":"","protected":false},"author":2,"featured_media":0,"parent":516,"menu_order":7,"comment_status":"open","ping_status":"open","template":"","meta":[],"_links":{"self":[{"href":"https:\/\/sites.pr.sebrae.com.br\/wiki\/wp-json\/wp\/v2\/pages\/806"}],"collection":[{"href":"https:\/\/sites.pr.sebrae.com.br\/wiki\/wp-json\/wp\/v2\/pages"}],"about":[{"href":"https:\/\/sites.pr.sebrae.com.br\/wiki\/wp-json\/wp\/v2\/types\/page"}],"author":[{"embeddable":true,"href":"https:\/\/sites.pr.sebrae.com.br\/wiki\/wp-json\/wp\/v2\/users\/2"}],"replies":[{"embeddable":true,"href":"https:\/\/sites.pr.sebrae.com.br\/wiki\/wp-json\/wp\/v2\/comments?post=806"}],"version-history":[{"count":2,"href":"https:\/\/sites.pr.sebrae.com.br\/wiki\/wp-json\/wp\/v2\/pages\/806\/revisions"}],"predecessor-version":[{"id":1106,"href":"https:\/\/sites.pr.sebrae.com.br\/wiki\/wp-json\/wp\/v2\/pages\/806\/revisions\/1106"}],"up":[{"embeddable":true,"href":"https:\/\/sites.pr.sebrae.com.br\/wiki\/wp-json\/wp\/v2\/pages\/516"}],"wp:attachment":[{"href":"https:\/\/sites.pr.sebrae.com.br\/wiki\/wp-json\/wp\/v2\/media?parent=806"}],"curies":[{"name":"wp","href":"https:\/\/api.w.org\/{rel}","templated":true}]}}