{"id":79,"date":"2018-07-23T15:39:33","date_gmt":"2018-07-23T18:39:33","guid":{"rendered":"https:\/\/sites.pr.sebrae.com.br\/wiki\/?page_id=79"},"modified":"2018-09-18T15:11:30","modified_gmt":"2018-09-18T18:11:30","slug":"ver-pendencias","status":"publish","type":"page","link":"https:\/\/sites.pr.sebrae.com.br\/wiki\/interacao\/ver-pendencias\/","title":{"rendered":"Ver Pend\u00eancias"},"content":{"rendered":"<section class=\"av_textblock_section \"  itemscope=\"itemscope\" itemtype=\"https:\/\/schema.org\/CreativeWork\" ><div class='avia_textblock  '   itemprop=\"text\" ><h2><strong><span id=\"VER_PEND.C3.8ANCIAS\" class=\"mw-headline\">Ver Pend\u00eancias<\/span><\/strong><\/h2>\n<p>Essa tela \u00e9 utilizada para visualizar todas as pend\u00eancias geradas pelo sistema.<br \/>\nO caminho para acessar essa tela \u00e9: <strong>SMART &gt; INTERA\u00c7\u00c3O &gt; PEND\u00caNCIAS<\/strong><\/p>\n<p><img loading=\"lazy\" class=\"alignnone wp-image-189\" src=\"https:\/\/sites.pr.sebrae.com.br\/wiki\/wp-content\/uploads\/2018\/07\/VerPend\u00eancia_1.jpg\" alt=\"\" width=\"709\" height=\"110\" srcset=\"https:\/\/sites.pr.sebrae.com.br\/wiki\/wp-content\/uploads\/2018\/07\/VerPend\u00eancia_1.jpg 972w, https:\/\/sites.pr.sebrae.com.br\/wiki\/wp-content\/uploads\/2018\/07\/VerPend\u00eancia_1-300x47.jpg 300w, https:\/\/sites.pr.sebrae.com.br\/wiki\/wp-content\/uploads\/2018\/07\/VerPend\u00eancia_1-768x119.jpg 768w, https:\/\/sites.pr.sebrae.com.br\/wiki\/wp-content\/uploads\/2018\/07\/VerPend\u00eancia_1-705x110.jpg 705w, https:\/\/sites.pr.sebrae.com.br\/wiki\/wp-content\/uploads\/2018\/07\/VerPend\u00eancia_1-450x70.jpg 450w\" sizes=\"(max-width: 709px) 100vw, 709px\" \/><\/p>\n<p>Nessa tela todas as pend\u00eancias atribu\u00eddas ao usu\u00e1rio ser\u00e3o exibidas em blocos, conforme origem da pend\u00eancia, que podem ser:<br \/>\n<b>ATIVO<\/b><br \/>\n<b>ENCAMINHAMENTO<\/b><br \/>\n<b>DISPONIBILIZA\u00c7\u00d5ES<\/b><br \/>\n<b>PESQUISAS DE SATISFA\u00c7\u00c3O<\/b><br \/>\n<b>PRODUTOS<\/b><br \/>\n<b>DE SUBORDINADOS<\/b><\/p>\n<p><img loading=\"lazy\" class=\"alignnone wp-image-190\" src=\"https:\/\/sites.pr.sebrae.com.br\/wiki\/wp-content\/uploads\/2018\/07\/VerPend\u00eancia_2.jpg\" alt=\"\" width=\"670\" height=\"363\" srcset=\"https:\/\/sites.pr.sebrae.com.br\/wiki\/wp-content\/uploads\/2018\/07\/VerPend\u00eancia_2.jpg 963w, https:\/\/sites.pr.sebrae.com.br\/wiki\/wp-content\/uploads\/2018\/07\/VerPend\u00eancia_2-300x163.jpg 300w, https:\/\/sites.pr.sebrae.com.br\/wiki\/wp-content\/uploads\/2018\/07\/VerPend\u00eancia_2-768x416.jpg 768w, https:\/\/sites.pr.sebrae.com.br\/wiki\/wp-content\/uploads\/2018\/07\/VerPend\u00eancia_2-705x382.jpg 705w, https:\/\/sites.pr.sebrae.com.br\/wiki\/wp-content\/uploads\/2018\/07\/VerPend\u00eancia_2-450x244.jpg 450w\" sizes=\"(max-width: 670px) 100vw, 670px\" \/><\/p>\n<p>Essas pend\u00eancias s\u00e3o a\u00e7\u00f5es que precisam ser finalizadas, seja ela uma intera\u00e7\u00e3o encaminhada por outro usu\u00e1rio, disponibiliza\u00e7\u00f5es que precisam de alguma a\u00e7\u00e3o, produtos que precisar ser configurados, dentre outros.<br \/>\nAs pend\u00eancias de <strong>ENCAMINHAMENTO<\/strong> e <strong>CONSULTORIA<\/strong>, apresentam tamb\u00e9m o STATUS de cada pend\u00eancias, dessa forma podendo visualizar o que est\u00e1 em dia ou em atraso.<\/p>\n<h2><strong><span id=\"Meus_encaminhamentos\" class=\"mw-headline\">Meus encaminhamentos<\/span><\/strong><\/h2>\n<p>Esses s\u00e3o os encaminhamentos gerados pelo usu\u00e1rio logado, ou seja, o encaminhamento \u00e9 gerado por uma intera\u00e7\u00e3o que necessita da a\u00e7\u00e3o de um segundo usu\u00e1rio. Aqui \u00e9 poss\u00edvel visualizar os que j\u00e1 foram finalizados e os pendentes.<br \/>\n<img loading=\"lazy\" class=\"alignnone wp-image-191\" src=\"https:\/\/sites.pr.sebrae.com.br\/wiki\/wp-content\/uploads\/2018\/07\/VerPend\u00eancia_MeusEncaminhamentos_1.jpg\" alt=\"\" width=\"704\" height=\"383\" srcset=\"https:\/\/sites.pr.sebrae.com.br\/wiki\/wp-content\/uploads\/2018\/07\/VerPend\u00eancia_MeusEncaminhamentos_1.jpg 923w, https:\/\/sites.pr.sebrae.com.br\/wiki\/wp-content\/uploads\/2018\/07\/VerPend\u00eancia_MeusEncaminhamentos_1-300x163.jpg 300w, https:\/\/sites.pr.sebrae.com.br\/wiki\/wp-content\/uploads\/2018\/07\/VerPend\u00eancia_MeusEncaminhamentos_1-768x418.jpg 768w, https:\/\/sites.pr.sebrae.com.br\/wiki\/wp-content\/uploads\/2018\/07\/VerPend\u00eancia_MeusEncaminhamentos_1-705x383.jpg 705w, https:\/\/sites.pr.sebrae.com.br\/wiki\/wp-content\/uploads\/2018\/07\/VerPend\u00eancia_MeusEncaminhamentos_1-450x245.jpg 450w\" sizes=\"(max-width: 704px) 100vw, 704px\" \/><\/p>\n<\/div><\/section>\n<div class='av-buildercomment  '><\/div>\n","protected":false},"excerpt":{"rendered":"","protected":false},"author":2,"featured_media":0,"parent":54,"menu_order":3,"comment_status":"open","ping_status":"open","template":"","meta":[],"_links":{"self":[{"href":"https:\/\/sites.pr.sebrae.com.br\/wiki\/wp-json\/wp\/v2\/pages\/79"}],"collection":[{"href":"https:\/\/sites.pr.sebrae.com.br\/wiki\/wp-json\/wp\/v2\/pages"}],"about":[{"href":"https:\/\/sites.pr.sebrae.com.br\/wiki\/wp-json\/wp\/v2\/types\/page"}],"author":[{"embeddable":true,"href":"https:\/\/sites.pr.sebrae.com.br\/wiki\/wp-json\/wp\/v2\/users\/2"}],"replies":[{"embeddable":true,"href":"https:\/\/sites.pr.sebrae.com.br\/wiki\/wp-json\/wp\/v2\/comments?post=79"}],"version-history":[{"count":6,"href":"https:\/\/sites.pr.sebrae.com.br\/wiki\/wp-json\/wp\/v2\/pages\/79\/revisions"}],"predecessor-version":[{"id":914,"href":"https:\/\/sites.pr.sebrae.com.br\/wiki\/wp-json\/wp\/v2\/pages\/79\/revisions\/914"}],"up":[{"embeddable":true,"href":"https:\/\/sites.pr.sebrae.com.br\/wiki\/wp-json\/wp\/v2\/pages\/54"}],"wp:attachment":[{"href":"https:\/\/sites.pr.sebrae.com.br\/wiki\/wp-json\/wp\/v2\/media?parent=79"}],"curies":[{"name":"wp","href":"https:\/\/api.w.org\/{rel}","templated":true}]}}