{"id":776,"date":"2018-11-11T21:42:43","date_gmt":"2018-11-11T23:42:43","guid":{"rendered":"https:\/\/sites.pr.sebrae.com.br\/wiki\/?page_id=776"},"modified":"2018-11-11T21:42:43","modified_gmt":"2018-11-11T23:42:43","slug":"troca-de-participante","status":"publish","type":"page","link":"https:\/\/sites.pr.sebrae.com.br\/wiki\/disponibilizacao\/cadastro-disp\/troca-de-participante\/","title":{"rendered":"Troca de participante"},"content":{"rendered":"<section class=\"av_textblock_section \"  itemscope=\"itemscope\" itemtype=\"https:\/\/schema.org\/CreativeWork\" ><div class='avia_textblock  '   itemprop=\"text\" ><h2>Disponibiliza\u00e7\u00e3o &#8211; Trocar participantes<\/h2>\n<p>Acesse a disponibiliza\u00e7\u00e3o na op\u00e7\u00e3o SMART &gt; DISPONIBILIZA\u00c7\u00c3O &gt; CONSULTA(DISP), clique em <strong>Editar<\/strong> e v\u00e1 at\u00e9 a aba <strong>Acompanhamento<\/strong>.<br \/>\nNo menu selecione a op\u00e7\u00e3o <strong>Trocar participantes.<\/strong><\/p>\n<p><strong><img loading=\"lazy\" class=\"alignnone size-full wp-image-777\" src=\"https:\/\/sites.pr.sebrae.com.br\/wiki\/wp-content\/uploads\/2018\/11\/trocapart_1.png\" alt=\"\" width=\"314\" height=\"401\" srcset=\"https:\/\/sites.pr.sebrae.com.br\/wiki\/wp-content\/uploads\/2018\/11\/trocapart_1.png 314w, https:\/\/sites.pr.sebrae.com.br\/wiki\/wp-content\/uploads\/2018\/11\/trocapart_1-235x300.png 235w\" sizes=\"(max-width: 314px) 100vw, 314px\" \/><\/strong><\/p>\n<p>Escolha o participante na lista e clique em <strong>trocar participante<\/strong>.<\/p>\n<p><img loading=\"lazy\" class=\"alignnone size-full wp-image-778\" src=\"https:\/\/sites.pr.sebrae.com.br\/wiki\/wp-content\/uploads\/2018\/11\/trocapart_2.png\" alt=\"\" width=\"835\" height=\"49\" srcset=\"https:\/\/sites.pr.sebrae.com.br\/wiki\/wp-content\/uploads\/2018\/11\/trocapart_2.png 835w, https:\/\/sites.pr.sebrae.com.br\/wiki\/wp-content\/uploads\/2018\/11\/trocapart_2-300x18.png 300w, https:\/\/sites.pr.sebrae.com.br\/wiki\/wp-content\/uploads\/2018\/11\/trocapart_2-768x45.png 768w, https:\/\/sites.pr.sebrae.com.br\/wiki\/wp-content\/uploads\/2018\/11\/trocapart_2-705x41.png 705w, https:\/\/sites.pr.sebrae.com.br\/wiki\/wp-content\/uploads\/2018\/11\/trocapart_2-450x26.png 450w\" sizes=\"(max-width: 835px) 100vw, 835px\" \/><\/p>\n<p>Logo ser\u00e1 exibida a tela para selecionar qual o participante que vai substituir o anterior, basta digitar o nome que o auto-complete vai mostrar os nomes poss\u00edveis, a troca s\u00f3 \u00e9 permitida entre participantes da mesma empresa.<\/p>\n<p><img loading=\"lazy\" class=\"alignnone size-full wp-image-779\" src=\"https:\/\/sites.pr.sebrae.com.br\/wiki\/wp-content\/uploads\/2018\/11\/trocapart_3.png\" alt=\"\" width=\"556\" height=\"207\" srcset=\"https:\/\/sites.pr.sebrae.com.br\/wiki\/wp-content\/uploads\/2018\/11\/trocapart_3.png 556w, https:\/\/sites.pr.sebrae.com.br\/wiki\/wp-content\/uploads\/2018\/11\/trocapart_3-300x112.png 300w, https:\/\/sites.pr.sebrae.com.br\/wiki\/wp-content\/uploads\/2018\/11\/trocapart_3-450x168.png 450w\" sizes=\"(max-width: 556px) 100vw, 556px\" \/><\/p>\n<p>Clique em <strong>Confirmar<\/strong>, que um pop-up com as informa\u00e7\u00f5es da troca ser\u00e1 exibido, se a informa\u00e7\u00e3o estiver correta clique em <strong>Sim<\/strong>.<\/p>\n<p><img loading=\"lazy\" class=\"alignnone size-full wp-image-780\" src=\"https:\/\/sites.pr.sebrae.com.br\/wiki\/wp-content\/uploads\/2018\/11\/trocapart_4.png\" alt=\"\" width=\"469\" height=\"146\" srcset=\"https:\/\/sites.pr.sebrae.com.br\/wiki\/wp-content\/uploads\/2018\/11\/trocapart_4.png 469w, https:\/\/sites.pr.sebrae.com.br\/wiki\/wp-content\/uploads\/2018\/11\/trocapart_4-300x93.png 300w, https:\/\/sites.pr.sebrae.com.br\/wiki\/wp-content\/uploads\/2018\/11\/trocapart_4-450x140.png 450w\" sizes=\"(max-width: 469px) 100vw, 469px\" \/><\/p>\n<p>A troca foi realizada e ser\u00e1 mostrada no hist\u00f3rico da tela de troca de participantes.<\/p>\n<p><img loading=\"lazy\" class=\"alignnone size-full wp-image-781\" src=\"https:\/\/sites.pr.sebrae.com.br\/wiki\/wp-content\/uploads\/2018\/11\/trocapart_5.png\" alt=\"\" width=\"868\" height=\"105\" srcset=\"https:\/\/sites.pr.sebrae.com.br\/wiki\/wp-content\/uploads\/2018\/11\/trocapart_5.png 868w, https:\/\/sites.pr.sebrae.com.br\/wiki\/wp-content\/uploads\/2018\/11\/trocapart_5-300x36.png 300w, https:\/\/sites.pr.sebrae.com.br\/wiki\/wp-content\/uploads\/2018\/11\/trocapart_5-768x93.png 768w, https:\/\/sites.pr.sebrae.com.br\/wiki\/wp-content\/uploads\/2018\/11\/trocapart_5-705x85.png 705w, https:\/\/sites.pr.sebrae.com.br\/wiki\/wp-content\/uploads\/2018\/11\/trocapart_5-450x54.png 450w\" sizes=\"(max-width: 868px) 100vw, 868px\" \/><\/p>\n<\/div><\/section>\n<div class='av-buildercomment  '><\/div>\n","protected":false},"excerpt":{"rendered":"","protected":false},"author":2,"featured_media":0,"parent":516,"menu_order":5,"comment_status":"open","ping_status":"open","template":"","meta":[],"_links":{"self":[{"href":"https:\/\/sites.pr.sebrae.com.br\/wiki\/wp-json\/wp\/v2\/pages\/776"}],"collection":[{"href":"https:\/\/sites.pr.sebrae.com.br\/wiki\/wp-json\/wp\/v2\/pages"}],"about":[{"href":"https:\/\/sites.pr.sebrae.com.br\/wiki\/wp-json\/wp\/v2\/types\/page"}],"author":[{"embeddable":true,"href":"https:\/\/sites.pr.sebrae.com.br\/wiki\/wp-json\/wp\/v2\/users\/2"}],"replies":[{"embeddable":true,"href":"https:\/\/sites.pr.sebrae.com.br\/wiki\/wp-json\/wp\/v2\/comments?post=776"}],"version-history":[{"count":2,"href":"https:\/\/sites.pr.sebrae.com.br\/wiki\/wp-json\/wp\/v2\/pages\/776\/revisions"}],"predecessor-version":[{"id":896,"href":"https:\/\/sites.pr.sebrae.com.br\/wiki\/wp-json\/wp\/v2\/pages\/776\/revisions\/896"}],"up":[{"embeddable":true,"href":"https:\/\/sites.pr.sebrae.com.br\/wiki\/wp-json\/wp\/v2\/pages\/516"}],"wp:attachment":[{"href":"https:\/\/sites.pr.sebrae.com.br\/wiki\/wp-json\/wp\/v2\/media?parent=776"}],"curies":[{"name":"wp","href":"https:\/\/api.w.org\/{rel}","templated":true}]}}