{"id":757,"date":"2018-11-11T21:22:39","date_gmt":"2018-11-11T23:22:39","guid":{"rendered":"https:\/\/sites.pr.sebrae.com.br\/wiki\/?page_id=757"},"modified":"2021-01-07T15:33:05","modified_gmt":"2021-01-07T18:33:05","slug":"tipos-de-disponibilizacao","status":"publish","type":"page","link":"https:\/\/sites.pr.sebrae.com.br\/wiki\/disponibilizacao\/cadastro-disp\/tipos-de-disponibilizacao\/","title":{"rendered":"Tipos de disponibiliza\u00e7\u00e3o"},"content":{"rendered":"<section class=\"av_textblock_section \"  itemscope=\"itemscope\" itemtype=\"https:\/\/schema.org\/CreativeWork\" ><div class='avia_textblock  '   itemprop=\"text\" ><h2>Tipos de disponibiliza\u00e7\u00e3o<\/h2>\n<p>O cadastro de disponibiliza\u00e7\u00e3o segue o mesmo padr\u00e3o para todos, o que muda em cada um deles \u00e9 a aba <strong>DIVULGA\u00c7\u00c3O<\/strong>.<\/p>\n<p>Vamos ver a diferen\u00e7a entre eles:<\/p>\n<p><strong>Disponibiliza\u00e7\u00e3o de produto padr\u00e3o<\/strong><br \/>\nNo\u00a0<strong>produto padr\u00e3o<\/strong>\u00a0a aba\u00a0<strong>Divulga\u00e7\u00e3o<\/strong> apresenta as informa\u00e7\u00f5es j\u00e1 determinadas no cadastro do produto pela UGIP. Sendo poss\u00edvel selecionar quantos dias antes do in\u00edcio da disponibiliza\u00e7\u00e3o do produto, ser\u00e1 divulgado para o cliente. Em seguida escolher a op\u00e7\u00e3o de divulga\u00e7\u00e3o do produto, se ser\u00e1 divulgado na loja, ou n\u00e3o. Por fim \u00e9 poss\u00edvel incluir perguntas, para serem realizadas quando o cliente for adquirir o produto.<\/p>\n<p><img loading=\"lazy\" class=\"alignnone size-full wp-image-1156\" src=\"https:\/\/sites.pr.sebrae.com.br\/wiki\/wp-content\/uploads\/2021\/01\/divulgacao1.png\" alt=\"\" width=\"881\" height=\"683\" srcset=\"https:\/\/sites.pr.sebrae.com.br\/wiki\/wp-content\/uploads\/2021\/01\/divulgacao1.png 881w, https:\/\/sites.pr.sebrae.com.br\/wiki\/wp-content\/uploads\/2021\/01\/divulgacao1-300x233.png 300w, https:\/\/sites.pr.sebrae.com.br\/wiki\/wp-content\/uploads\/2021\/01\/divulgacao1-768x595.png 768w, https:\/\/sites.pr.sebrae.com.br\/wiki\/wp-content\/uploads\/2021\/01\/divulgacao1-705x547.png 705w, https:\/\/sites.pr.sebrae.com.br\/wiki\/wp-content\/uploads\/2021\/01\/divulgacao1-450x349.png 450w\" sizes=\"(max-width: 881px) 100vw, 881px\" \/><\/p>\n<p><strong>Disponibiliza\u00e7\u00e3o de produto externo<\/strong><br \/>\nDisponibiliza\u00e7\u00e3o de <strong>produto externo<\/strong> n\u00e3o apresenta a <strong>aba Divulga\u00e7\u00e3o<\/strong>, visto que o cadastro do produto \u00e9 realizado por qualquer colaborador com acesso ao mesmo, as configura\u00e7\u00f5es de divulga\u00e7\u00e3o s\u00e3o realizadas diretamente no cadastro do produto.<\/p>\n<p><img loading=\"lazy\" class=\"alignnone size-full wp-image-758\" src=\"https:\/\/sites.pr.sebrae.com.br\/wiki\/wp-content\/uploads\/2018\/11\/externo_1.png\" alt=\"\" width=\"976\" height=\"152\" srcset=\"https:\/\/sites.pr.sebrae.com.br\/wiki\/wp-content\/uploads\/2018\/11\/externo_1.png 976w, https:\/\/sites.pr.sebrae.com.br\/wiki\/wp-content\/uploads\/2018\/11\/externo_1-300x47.png 300w, https:\/\/sites.pr.sebrae.com.br\/wiki\/wp-content\/uploads\/2018\/11\/externo_1-768x120.png 768w, https:\/\/sites.pr.sebrae.com.br\/wiki\/wp-content\/uploads\/2018\/11\/externo_1-705x110.png 705w, https:\/\/sites.pr.sebrae.com.br\/wiki\/wp-content\/uploads\/2018\/11\/externo_1-450x70.png 450w\" sizes=\"(max-width: 976px) 100vw, 976px\" \/><\/p>\n<p><strong>Disponibiliza\u00e7\u00e3o de produto template<\/strong><br \/>\nNa disponibiliza\u00e7\u00e3o de <strong>produto template<\/strong> a aba <strong>Divulga\u00e7\u00e3o<\/strong> possui mais informa\u00e7\u00f5es que a de produto padr\u00e3o, pois o produto template visa liberar que o usu\u00e1rio defina diretamente na disponibiliza\u00e7\u00e3o quais informa\u00e7\u00f5es devem ser alteradas.<\/p>\n<p>As informa\u00e7\u00f5es v\u00eam com o modelo definido no cadastro do produto, sendo poss\u00edvel alterar, caso as informa\u00e7\u00f5es de divulga\u00e7\u00e3o n\u00e3o sejam alteradas na disp, por padr\u00e3o ela ira manter as da configura\u00e7\u00e3o do produto.<\/p>\n<p><img loading=\"lazy\" class=\"alignnone size-full wp-image-760\" src=\"https:\/\/sites.pr.sebrae.com.br\/wiki\/wp-content\/uploads\/2018\/11\/template_1-1.png\" alt=\"\" width=\"983\" height=\"566\" srcset=\"https:\/\/sites.pr.sebrae.com.br\/wiki\/wp-content\/uploads\/2018\/11\/template_1-1.png 983w, https:\/\/sites.pr.sebrae.com.br\/wiki\/wp-content\/uploads\/2018\/11\/template_1-1-300x173.png 300w, https:\/\/sites.pr.sebrae.com.br\/wiki\/wp-content\/uploads\/2018\/11\/template_1-1-768x442.png 768w, https:\/\/sites.pr.sebrae.com.br\/wiki\/wp-content\/uploads\/2018\/11\/template_1-1-705x406.png 705w, https:\/\/sites.pr.sebrae.com.br\/wiki\/wp-content\/uploads\/2018\/11\/template_1-1-450x259.png 450w\" sizes=\"(max-width: 983px) 100vw, 983px\" \/><\/p>\n<p>As informa\u00e7\u00f5es que podem ser alteradas na divulga\u00e7\u00e3o s\u00e3o:<\/p>\n<p><strong>Dispon\u00edvel na loja virtual<\/strong><\/p>\n<p><img loading=\"lazy\" class=\"alignnone size-full wp-image-761\" src=\"https:\/\/sites.pr.sebrae.com.br\/wiki\/wp-content\/uploads\/2018\/11\/template_2-1.png\" alt=\"\" width=\"969\" height=\"97\" srcset=\"https:\/\/sites.pr.sebrae.com.br\/wiki\/wp-content\/uploads\/2018\/11\/template_2-1.png 969w, https:\/\/sites.pr.sebrae.com.br\/wiki\/wp-content\/uploads\/2018\/11\/template_2-1-300x30.png 300w, https:\/\/sites.pr.sebrae.com.br\/wiki\/wp-content\/uploads\/2018\/11\/template_2-1-768x77.png 768w, https:\/\/sites.pr.sebrae.com.br\/wiki\/wp-content\/uploads\/2018\/11\/template_2-1-705x71.png 705w, https:\/\/sites.pr.sebrae.com.br\/wiki\/wp-content\/uploads\/2018\/11\/template_2-1-450x45.png 450w\" sizes=\"(max-width: 969px) 100vw, 969px\" \/><\/p>\n<p><strong>Texto de divulga\u00e7\u00e3o para a Loja<\/strong><\/p>\n<p><img loading=\"lazy\" class=\"alignnone size-full wp-image-1158\" src=\"https:\/\/sites.pr.sebrae.com.br\/wiki\/wp-content\/uploads\/2021\/01\/texto-emails.png\" alt=\"\" width=\"883\" height=\"434\" srcset=\"https:\/\/sites.pr.sebrae.com.br\/wiki\/wp-content\/uploads\/2021\/01\/texto-emails.png 883w, https:\/\/sites.pr.sebrae.com.br\/wiki\/wp-content\/uploads\/2021\/01\/texto-emails-300x147.png 300w, https:\/\/sites.pr.sebrae.com.br\/wiki\/wp-content\/uploads\/2021\/01\/texto-emails-768x377.png 768w, https:\/\/sites.pr.sebrae.com.br\/wiki\/wp-content\/uploads\/2021\/01\/texto-emails-705x347.png 705w, https:\/\/sites.pr.sebrae.com.br\/wiki\/wp-content\/uploads\/2021\/01\/texto-emails-450x221.png 450w\" sizes=\"(max-width: 883px) 100vw, 883px\" \/><\/p>\n<p><strong>Texto de compra para a Loja (E-mail)<\/strong><\/p>\n<p><img loading=\"lazy\" class=\"alignnone size-full wp-image-1159\" src=\"https:\/\/sites.pr.sebrae.com.br\/wiki\/wp-content\/uploads\/2021\/01\/textoloja.png\" alt=\"\" width=\"890\" height=\"428\" srcset=\"https:\/\/sites.pr.sebrae.com.br\/wiki\/wp-content\/uploads\/2021\/01\/textoloja.png 890w, https:\/\/sites.pr.sebrae.com.br\/wiki\/wp-content\/uploads\/2021\/01\/textoloja-300x144.png 300w, https:\/\/sites.pr.sebrae.com.br\/wiki\/wp-content\/uploads\/2021\/01\/textoloja-768x369.png 768w, https:\/\/sites.pr.sebrae.com.br\/wiki\/wp-content\/uploads\/2021\/01\/textoloja-705x339.png 705w, https:\/\/sites.pr.sebrae.com.br\/wiki\/wp-content\/uploads\/2021\/01\/textoloja-450x216.png 450w\" sizes=\"(max-width: 890px) 100vw, 890px\" \/><br \/>\n<strong>Selos<\/strong><\/p>\n<p><img loading=\"lazy\" class=\"alignnone size-full wp-image-763\" src=\"https:\/\/sites.pr.sebrae.com.br\/wiki\/wp-content\/uploads\/2018\/11\/template_4.png\" alt=\"\" width=\"975\" height=\"122\" srcset=\"https:\/\/sites.pr.sebrae.com.br\/wiki\/wp-content\/uploads\/2018\/11\/template_4.png 975w, https:\/\/sites.pr.sebrae.com.br\/wiki\/wp-content\/uploads\/2018\/11\/template_4-300x38.png 300w, https:\/\/sites.pr.sebrae.com.br\/wiki\/wp-content\/uploads\/2018\/11\/template_4-768x96.png 768w, https:\/\/sites.pr.sebrae.com.br\/wiki\/wp-content\/uploads\/2018\/11\/template_4-705x88.png 705w, https:\/\/sites.pr.sebrae.com.br\/wiki\/wp-content\/uploads\/2018\/11\/template_4-450x56.png 450w\" sizes=\"(max-width: 975px) 100vw, 975px\" \/><\/p>\n<p><strong>Perguntas Informa\u00e7\u00e3o Adicional<\/strong><\/p>\n<p><img loading=\"lazy\" class=\"alignnone size-full wp-image-1157\" src=\"https:\/\/sites.pr.sebrae.com.br\/wiki\/wp-content\/uploads\/2021\/01\/perguntas.png\" alt=\"\" width=\"879\" height=\"105\" srcset=\"https:\/\/sites.pr.sebrae.com.br\/wiki\/wp-content\/uploads\/2021\/01\/perguntas.png 879w, https:\/\/sites.pr.sebrae.com.br\/wiki\/wp-content\/uploads\/2021\/01\/perguntas-300x36.png 300w, https:\/\/sites.pr.sebrae.com.br\/wiki\/wp-content\/uploads\/2021\/01\/perguntas-768x92.png 768w, https:\/\/sites.pr.sebrae.com.br\/wiki\/wp-content\/uploads\/2021\/01\/perguntas-705x84.png 705w, https:\/\/sites.pr.sebrae.com.br\/wiki\/wp-content\/uploads\/2021\/01\/perguntas-450x54.png 450w\" sizes=\"(max-width: 879px) 100vw, 879px\" \/><\/p>\n<\/div><\/section>\n<div class='av-buildercomment  '><\/div>\n","protected":false},"excerpt":{"rendered":"","protected":false},"author":2,"featured_media":0,"parent":516,"menu_order":3,"comment_status":"open","ping_status":"open","template":"","meta":[],"_links":{"self":[{"href":"https:\/\/sites.pr.sebrae.com.br\/wiki\/wp-json\/wp\/v2\/pages\/757"}],"collection":[{"href":"https:\/\/sites.pr.sebrae.com.br\/wiki\/wp-json\/wp\/v2\/pages"}],"about":[{"href":"https:\/\/sites.pr.sebrae.com.br\/wiki\/wp-json\/wp\/v2\/types\/page"}],"author":[{"embeddable":true,"href":"https:\/\/sites.pr.sebrae.com.br\/wiki\/wp-json\/wp\/v2\/users\/2"}],"replies":[{"embeddable":true,"href":"https:\/\/sites.pr.sebrae.com.br\/wiki\/wp-json\/wp\/v2\/comments?post=757"}],"version-history":[{"count":3,"href":"https:\/\/sites.pr.sebrae.com.br\/wiki\/wp-json\/wp\/v2\/pages\/757\/revisions"}],"predecessor-version":[{"id":1206,"href":"https:\/\/sites.pr.sebrae.com.br\/wiki\/wp-json\/wp\/v2\/pages\/757\/revisions\/1206"}],"up":[{"embeddable":true,"href":"https:\/\/sites.pr.sebrae.com.br\/wiki\/wp-json\/wp\/v2\/pages\/516"}],"wp:attachment":[{"href":"https:\/\/sites.pr.sebrae.com.br\/wiki\/wp-json\/wp\/v2\/media?parent=757"}],"curies":[{"name":"wp","href":"https:\/\/api.w.org\/{rel}","templated":true}]}}