{"id":588,"date":"2018-09-17T15:35:31","date_gmt":"2018-09-17T18:35:31","guid":{"rendered":"https:\/\/sites.pr.sebrae.com.br\/wiki\/?page_id=588"},"modified":"2018-09-18T15:13:36","modified_gmt":"2018-09-18T18:13:36","slug":"consulta-produto","status":"publish","type":"page","link":"https:\/\/sites.pr.sebrae.com.br\/wiki\/produto\/consulta-produto\/","title":{"rendered":"Consulta de Produto"},"content":{"rendered":"<section class=\"av_textblock_section \"  itemscope=\"itemscope\" itemtype=\"https:\/\/schema.org\/CreativeWork\" ><div class='avia_textblock  '   itemprop=\"text\" ><h3>Consulta de Produto<\/h3>\n<p>Acesse: <strong>SMART<\/strong> &gt;\u00a0<strong>Produtos &gt;<\/strong>\u00a0<strong>Consulta<\/strong>.<\/p>\n<p>Nesta tela voc\u00ea tem a op\u00e7\u00e3o digitar o <strong>c\u00f3digo <\/strong>do Produto, o <strong>T\u00edtulo <\/strong>ou uma <strong>palavra <\/strong>que fa\u00e7a parte do t\u00edtulo para localiz\u00e1-lo, ou ainda, selecionando a <strong>categoria <\/strong>e a <strong>modalidade <\/strong>do produto que deseja buscar.<\/p>\n<p>Ap\u00f3s preencher uma das informa\u00e7\u00f5es clique em <strong>Pesquisar<\/strong>.<\/p>\n<p><img loading=\"lazy\" class=\"alignnone size-full wp-image-628\" src=\"https:\/\/sites.pr.sebrae.com.br\/wiki\/wp-content\/uploads\/2018\/09\/consultaproduto_1.jpg\" alt=\"\" width=\"987\" height=\"573\" srcset=\"https:\/\/sites.pr.sebrae.com.br\/wiki\/wp-content\/uploads\/2018\/09\/consultaproduto_1.jpg 987w, https:\/\/sites.pr.sebrae.com.br\/wiki\/wp-content\/uploads\/2018\/09\/consultaproduto_1-300x174.jpg 300w, https:\/\/sites.pr.sebrae.com.br\/wiki\/wp-content\/uploads\/2018\/09\/consultaproduto_1-768x446.jpg 768w, https:\/\/sites.pr.sebrae.com.br\/wiki\/wp-content\/uploads\/2018\/09\/consultaproduto_1-705x409.jpg 705w, https:\/\/sites.pr.sebrae.com.br\/wiki\/wp-content\/uploads\/2018\/09\/consultaproduto_1-450x261.jpg 450w\" sizes=\"(max-width: 987px) 100vw, 987px\" \/><\/p>\n<p>Nesse tutorial, irei exemplificar fazendo a consulta pelo produto <em>Como vender<\/em>. Nesse caso, digitei no campo <strong>T\u00edtulo do Produto<\/strong>: <strong>Como vender <\/strong>e cliquei em <strong>Pesquisar<\/strong>.<\/p>\n<p><img loading=\"lazy\" class=\"alignnone size-full wp-image-629\" src=\"https:\/\/sites.pr.sebrae.com.br\/wiki\/wp-content\/uploads\/2018\/09\/consultaproduto_2.jpg\" alt=\"\" width=\"995\" height=\"299\" srcset=\"https:\/\/sites.pr.sebrae.com.br\/wiki\/wp-content\/uploads\/2018\/09\/consultaproduto_2.jpg 995w, https:\/\/sites.pr.sebrae.com.br\/wiki\/wp-content\/uploads\/2018\/09\/consultaproduto_2-300x90.jpg 300w, https:\/\/sites.pr.sebrae.com.br\/wiki\/wp-content\/uploads\/2018\/09\/consultaproduto_2-768x231.jpg 768w, https:\/\/sites.pr.sebrae.com.br\/wiki\/wp-content\/uploads\/2018\/09\/consultaproduto_2-705x212.jpg 705w, https:\/\/sites.pr.sebrae.com.br\/wiki\/wp-content\/uploads\/2018\/09\/consultaproduto_2-450x135.jpg 450w\" sizes=\"(max-width: 995px) 100vw, 995px\" \/><\/p>\n<p>Ap\u00f3s clicar em <strong>Pesquisar<\/strong>, os resultados da sua pesquisa aparecer\u00e3o ao final da p\u00e1gina.<\/p>\n<p>Os resultados aparecem listados em ordem alfab\u00e9tica pelo t\u00edtulo do produto. Como estou buscando pelo <em>Como vender<\/em> localizei o t\u00edtulo na lista e em seguida clico na <strong>Lupa <\/strong>para visualizar as informa\u00e7\u00f5es do produto.<\/p>\n<p>Ao clicar na lupa, abrir\u00e1 uma tela, na qual ser\u00e1 poss\u00edvel visualizar o c\u00f3digo, t\u00edtulo e status do produto, al\u00e9m de informa\u00e7\u00f5es espec\u00edficas do mesmo.<\/p>\n<p><img loading=\"lazy\" class=\"alignnone size-full wp-image-630\" src=\"https:\/\/sites.pr.sebrae.com.br\/wiki\/wp-content\/uploads\/2018\/09\/consultaproduto_3.jpg\" alt=\"\" width=\"932\" height=\"573\" srcset=\"https:\/\/sites.pr.sebrae.com.br\/wiki\/wp-content\/uploads\/2018\/09\/consultaproduto_3.jpg 932w, https:\/\/sites.pr.sebrae.com.br\/wiki\/wp-content\/uploads\/2018\/09\/consultaproduto_3-300x184.jpg 300w, https:\/\/sites.pr.sebrae.com.br\/wiki\/wp-content\/uploads\/2018\/09\/consultaproduto_3-768x472.jpg 768w, https:\/\/sites.pr.sebrae.com.br\/wiki\/wp-content\/uploads\/2018\/09\/consultaproduto_3-705x433.jpg 705w, https:\/\/sites.pr.sebrae.com.br\/wiki\/wp-content\/uploads\/2018\/09\/consultaproduto_3-450x277.jpg 450w\" sizes=\"(max-width: 932px) 100vw, 932px\" \/><\/p>\n<p class=\"Default\"><span style=\"font-size: 11.0pt;\">No final dessa tela, h\u00e1 outras abas com mais informa\u00e7\u00f5es sobre o produto. <\/span><\/p>\n<p class=\"Default\"><span style=\"font-size: 14.6667px;\">Sendo elas:<br \/>\n<\/span><b><span style=\"font-size: 11.0pt;\">Realizadores<\/span><\/b><span style=\"font-size: 11.0pt;\">: mostrando todos os habilitados para aplica\u00e7\u00e3o do produto;<br \/>\n<\/span><b><span style=\"font-size: 11.0pt;\">Execu\u00e7\u00e3o<\/span><\/b><span style=\"font-size: 11.0pt;\">: cont\u00e9m informa\u00e7\u00f5es como carga hor\u00e1ria, dura\u00e7\u00e3o em dias, forma de inscri\u00e7\u00e3o etc;<br \/>\n<\/span><b><span style=\"font-size: 11.0pt;\">Log\u00edstica<\/span><\/b><span style=\"font-size: 11.0pt;\">: mostra os materiais necess\u00e1rios na aplica\u00e7\u00e3o do produto;<br \/>\n<\/span><b><span style=\"font-size: 11.0pt;\">Conte\u00fado<\/span><\/b><span style=\"font-size: 11.0pt;\">: com as informa\u00e7\u00f5es que estar\u00e3o vis\u00edveis na loja (somente quando o produto estiver configurado para estar dispon\u00edvel na Loja Virtual);<br \/>\n<\/span><b><span style=\"font-size: 11.0pt;\">Defini\u00e7\u00f5es Comerciais<\/span><\/b><span style=\"font-size: 11.0pt;\">: cont\u00e9m informa\u00e7\u00f5es de divulga\u00e7\u00e3o do produto, se est\u00e1 dispon\u00edvel na loja, defini\u00e7\u00f5es de pre\u00e7o etc;<br \/>\n<\/span><b><span style=\"font-size: 11.0pt;\">Gest\u00e3o<\/span><\/b><span style=\"font-size: 11.0pt;\">: indicando os respons\u00e1veis pelo produto, a unidade demandante etc; <\/span><\/p>\n<\/div><\/section>\n<div class='av-buildercomment  '><\/div>\n","protected":false},"excerpt":{"rendered":"","protected":false},"author":2,"featured_media":0,"parent":20,"menu_order":3,"comment_status":"open","ping_status":"open","template":"","meta":[],"_links":{"self":[{"href":"https:\/\/sites.pr.sebrae.com.br\/wiki\/wp-json\/wp\/v2\/pages\/588"}],"collection":[{"href":"https:\/\/sites.pr.sebrae.com.br\/wiki\/wp-json\/wp\/v2\/pages"}],"about":[{"href":"https:\/\/sites.pr.sebrae.com.br\/wiki\/wp-json\/wp\/v2\/types\/page"}],"author":[{"embeddable":true,"href":"https:\/\/sites.pr.sebrae.com.br\/wiki\/wp-json\/wp\/v2\/users\/2"}],"replies":[{"embeddable":true,"href":"https:\/\/sites.pr.sebrae.com.br\/wiki\/wp-json\/wp\/v2\/comments?post=588"}],"version-history":[{"count":4,"href":"https:\/\/sites.pr.sebrae.com.br\/wiki\/wp-json\/wp\/v2\/pages\/588\/revisions"}],"predecessor-version":[{"id":926,"href":"https:\/\/sites.pr.sebrae.com.br\/wiki\/wp-json\/wp\/v2\/pages\/588\/revisions\/926"}],"up":[{"embeddable":true,"href":"https:\/\/sites.pr.sebrae.com.br\/wiki\/wp-json\/wp\/v2\/pages\/20"}],"wp:attachment":[{"href":"https:\/\/sites.pr.sebrae.com.br\/wiki\/wp-json\/wp\/v2\/media?parent=588"}],"curies":[{"name":"wp","href":"https:\/\/api.w.org\/{rel}","templated":true}]}}