{"id":54,"date":"2018-07-23T15:17:44","date_gmt":"2018-07-23T18:17:44","guid":{"rendered":"https:\/\/sites.pr.sebrae.com.br\/wiki\/?page_id=54"},"modified":"2020-11-08T23:23:13","modified_gmt":"2020-11-09T02:23:13","slug":"interacao","status":"publish","type":"page","link":"https:\/\/sites.pr.sebrae.com.br\/wiki\/interacao\/","title":{"rendered":"Intera\u00e7\u00e3o"},"content":{"rendered":"<section class=\"av_textblock_section \"  itemscope=\"itemscope\" itemtype=\"https:\/\/schema.org\/CreativeWork\" ><div class='avia_textblock  '   itemprop=\"text\" ><h1>Menu Intera\u00e7\u00e3o<\/h1>\n<p>As intera\u00e7\u00f5es s\u00e3o todos os momentos em que conversamos ou abordamos um cliente, parceiro, colaborador, autoridade ou fornecedor. O registro das intera\u00e7\u00f5es tem como objetivo principal para CRM a manuten\u00e7\u00e3o do hist\u00f3rico e o conhecimento profundo sobre cada uma das pessoas com as quais nos relacionamos. Por outro lado, tamb\u00e9m cumpre o importante papel de registro para contabiliza\u00e7\u00e3o de metas, gera\u00e7\u00e3o de estat\u00edsticas e defini\u00e7\u00e3o dos diferentes perfis de clientes.<\/p>\n<p>Caminho para acesso: <strong>SMART &gt; INTERA\u00c7\u00c3O<\/strong><\/p>\n<p>Agora basta selecionar uma das op\u00e7\u00f5es dispon\u00edveis em seu menu:<\/p>\n<ul>\n<li><a href=\"https:\/\/sites.pr.sebrae.com.br\/wiki\/interacao\/cadastro-interacao\/\">Cadastro intera\u00e7\u00e3o<\/a><\/li>\n<li><a href=\"https:\/\/sites.pr.sebrae.com.br\/wiki\/interacao\/ver-pendencias\/\">Ver Pend\u00eancias<\/a><\/li>\n<li><a href=\"https:\/\/sites.pr.sebrae.com.br\/wiki\/interacao\/consulta-de-interacoes\/\">Consulta de intera\u00e7\u00f5es<\/a><\/li>\n<li><a href=\"https:\/\/sites.pr.sebrae.com.br\/wiki\/interacao\/recepcao\/\">Recep\u00e7\u00e3o(Int)<\/a><\/li>\n<li><a href=\"https:\/\/sites.pr.sebrae.com.br\/wiki\/interacao\/cadastro-tipoint\/\">Cadastro tipo(Int)<\/a><\/li>\n<li><a href=\"https:\/\/sites.pr.sebrae.com.br\/wiki\/interacao\/consulta-tipoint\/\">Consulta tipo(Int)<\/a><\/li>\n<\/ul>\n<\/div><\/section>\n<div  class='hr hr-default   avia-builder-el-1  el_after_av_textblock  el_before_av_comments_list '><span class='hr-inner ' ><span class='hr-inner-style'><\/span><\/span><\/div>\n<div class='av-buildercomment  '><\/div>\n","protected":false},"excerpt":{"rendered":"","protected":false},"author":2,"featured_media":0,"parent":0,"menu_order":0,"comment_status":"closed","ping_status":"closed","template":"","meta":[],"_links":{"self":[{"href":"https:\/\/sites.pr.sebrae.com.br\/wiki\/wp-json\/wp\/v2\/pages\/54"}],"collection":[{"href":"https:\/\/sites.pr.sebrae.com.br\/wiki\/wp-json\/wp\/v2\/pages"}],"about":[{"href":"https:\/\/sites.pr.sebrae.com.br\/wiki\/wp-json\/wp\/v2\/types\/page"}],"author":[{"embeddable":true,"href":"https:\/\/sites.pr.sebrae.com.br\/wiki\/wp-json\/wp\/v2\/users\/2"}],"replies":[{"embeddable":true,"href":"https:\/\/sites.pr.sebrae.com.br\/wiki\/wp-json\/wp\/v2\/comments?post=54"}],"version-history":[{"count":21,"href":"https:\/\/sites.pr.sebrae.com.br\/wiki\/wp-json\/wp\/v2\/pages\/54\/revisions"}],"predecessor-version":[{"id":1030,"href":"https:\/\/sites.pr.sebrae.com.br\/wiki\/wp-json\/wp\/v2\/pages\/54\/revisions\/1030"}],"wp:attachment":[{"href":"https:\/\/sites.pr.sebrae.com.br\/wiki\/wp-json\/wp\/v2\/media?parent=54"}],"curies":[{"name":"wp","href":"https:\/\/api.w.org\/{rel}","templated":true}]}}