{"id":516,"date":"2018-09-17T13:45:52","date_gmt":"2018-09-17T16:45:52","guid":{"rendered":"https:\/\/sites.pr.sebrae.com.br\/wiki\/?page_id=516"},"modified":"2020-12-02T13:41:49","modified_gmt":"2020-12-02T16:41:49","slug":"cadastro-disp","status":"publish","type":"page","link":"https:\/\/sites.pr.sebrae.com.br\/wiki\/disponibilizacao\/cadastro-disp\/","title":{"rendered":"Cadastro (Disp)"},"content":{"rendered":"<section class=\"av_textblock_section \"  itemscope=\"itemscope\" itemtype=\"https:\/\/schema.org\/CreativeWork\" ><div class='avia_textblock  '   itemprop=\"text\" ><h3>Disponibiliza\u00e7\u00e3o<\/h3>\n<p>Existem 2 tipo de cadastro de disponibiliza\u00e7\u00e3o, sendo elas:<\/p>\n<ul>\n<li><a href=\"https:\/\/sites.pr.sebrae.com.br\/wiki\/disponibilizacao\/cadastro-disp\/disponibilizacao-de-produto\/\"><strong>Disponibiliza\u00e7\u00e3o de Produto<\/strong><\/a><br \/>\nDisponibiliza\u00e7\u00f5es de cursos, palestras, semin\u00e1rios, oficinas, feiras, caravanas, rodadas de negocio, miss\u00f5es t\u00e9cnicas.<br \/>\nNo cadastro de disponibiliza\u00e7\u00e3o de Produto existem 3 tipos diferentes de produtos, que acabam refletindo na aba Divulga\u00e7\u00e3o da disp. Esses tipos ser\u00e3o vistos em <a href=\"https:\/\/sites.pr.sebrae.com.br\/wiki\/disponibilizacao\/cadastro-disp\/tipos-de-disponibilizacao\/\">Tipos de disponibiliza\u00e7\u00e3o<\/a>.<\/li>\n<li><a href=\"https:\/\/sites.pr.sebrae.com.br\/wiki\/disponibilizacao\/cadastro-disp\/disponibilizacao-de-realizador\/\"><strong>Disponibiliza\u00e7\u00e3o de Realizador<\/strong><\/a><br \/>\nDisponibiliza\u00e7\u00f5es de consultoria, que podem ter como realizador credenciados ou funcion\u00e1rios.<\/li>\n<\/ul>\n<p>Para cadastrar uma disponibiliza\u00e7\u00e3o \u00e9 necess\u00e1rios ter as permiss\u00f5es especificas, lembrando sempre de verificar em qual unidade a disp esta sendo criada. Pois as permiss\u00f5es se baseiam em unidade de acesso.<\/p>\n<\/div><\/section>\n","protected":false},"excerpt":{"rendered":"","protected":false},"author":2,"featured_media":0,"parent":23,"menu_order":1,"comment_status":"closed","ping_status":"closed","template":"","meta":[],"_links":{"self":[{"href":"https:\/\/sites.pr.sebrae.com.br\/wiki\/wp-json\/wp\/v2\/pages\/516"}],"collection":[{"href":"https:\/\/sites.pr.sebrae.com.br\/wiki\/wp-json\/wp\/v2\/pages"}],"about":[{"href":"https:\/\/sites.pr.sebrae.com.br\/wiki\/wp-json\/wp\/v2\/types\/page"}],"author":[{"embeddable":true,"href":"https:\/\/sites.pr.sebrae.com.br\/wiki\/wp-json\/wp\/v2\/users\/2"}],"replies":[{"embeddable":true,"href":"https:\/\/sites.pr.sebrae.com.br\/wiki\/wp-json\/wp\/v2\/comments?post=516"}],"version-history":[{"count":6,"href":"https:\/\/sites.pr.sebrae.com.br\/wiki\/wp-json\/wp\/v2\/pages\/516\/revisions"}],"predecessor-version":[{"id":1101,"href":"https:\/\/sites.pr.sebrae.com.br\/wiki\/wp-json\/wp\/v2\/pages\/516\/revisions\/1101"}],"up":[{"embeddable":true,"href":"https:\/\/sites.pr.sebrae.com.br\/wiki\/wp-json\/wp\/v2\/pages\/23"}],"wp:attachment":[{"href":"https:\/\/sites.pr.sebrae.com.br\/wiki\/wp-json\/wp\/v2\/media?parent=516"}],"curies":[{"name":"wp","href":"https:\/\/api.w.org\/{rel}","templated":true}]}}