{"id":434,"date":"2018-09-17T11:16:22","date_gmt":"2018-09-17T14:16:22","guid":{"rendered":"https:\/\/sites.pr.sebrae.com.br\/wiki\/?page_id=434"},"modified":"2018-09-18T15:05:27","modified_gmt":"2018-09-18T18:05:27","slug":"correspondencia","status":"publish","type":"page","link":"https:\/\/sites.pr.sebrae.com.br\/wiki\/campanha\/correspondencia\/","title":{"rendered":"Correspond\u00eancia"},"content":{"rendered":"<section class=\"av_textblock_section \"  itemscope=\"itemscope\" itemtype=\"https:\/\/schema.org\/CreativeWork\" ><div class='avia_textblock  '   itemprop=\"text\" ><h3>Correspond\u00eancia<\/h3>\n<p>Esse menu \u00e9 destinado a informar as correspond\u00eancias que retornaram de seus destinat\u00e1rios, para isso basta informar o c\u00f3digo de barras que foi gerado na etiquetas da campanha.<\/p>\n<p>Exemplo de etiqueta:<\/p>\n<p><img loading=\"lazy\" class=\"alignnone size-full wp-image-507\" src=\"https:\/\/sites.pr.sebrae.com.br\/wiki\/wp-content\/uploads\/2018\/09\/etiquetas_2.jpg\" alt=\"\" width=\"993\" height=\"494\" srcset=\"https:\/\/sites.pr.sebrae.com.br\/wiki\/wp-content\/uploads\/2018\/09\/etiquetas_2.jpg 993w, https:\/\/sites.pr.sebrae.com.br\/wiki\/wp-content\/uploads\/2018\/09\/etiquetas_2-300x149.jpg 300w, https:\/\/sites.pr.sebrae.com.br\/wiki\/wp-content\/uploads\/2018\/09\/etiquetas_2-768x382.jpg 768w, https:\/\/sites.pr.sebrae.com.br\/wiki\/wp-content\/uploads\/2018\/09\/etiquetas_2-705x351.jpg 705w, https:\/\/sites.pr.sebrae.com.br\/wiki\/wp-content\/uploads\/2018\/09\/etiquetas_2-450x224.jpg 450w\" sizes=\"(max-width: 993px) 100vw, 993px\" \/><\/p>\n<p>Com o c\u00f3digo em m\u00e3o basta acessar a tela e informar o c\u00f3digo:<\/p>\n<p><img loading=\"lazy\" class=\"alignnone size-full wp-image-511\" src=\"https:\/\/sites.pr.sebrae.com.br\/wiki\/wp-content\/uploads\/2018\/09\/correspondencia_1-1.jpg\" alt=\"\" width=\"970\" height=\"116\" srcset=\"https:\/\/sites.pr.sebrae.com.br\/wiki\/wp-content\/uploads\/2018\/09\/correspondencia_1-1.jpg 970w, https:\/\/sites.pr.sebrae.com.br\/wiki\/wp-content\/uploads\/2018\/09\/correspondencia_1-1-300x36.jpg 300w, https:\/\/sites.pr.sebrae.com.br\/wiki\/wp-content\/uploads\/2018\/09\/correspondencia_1-1-768x92.jpg 768w, https:\/\/sites.pr.sebrae.com.br\/wiki\/wp-content\/uploads\/2018\/09\/correspondencia_1-1-705x84.jpg 705w, https:\/\/sites.pr.sebrae.com.br\/wiki\/wp-content\/uploads\/2018\/09\/correspondencia_1-1-450x54.jpg 450w\" sizes=\"(max-width: 970px) 100vw, 970px\" \/><\/p>\n<p>Feito isso, no cadastro do cliente, a flag (endere\u00e7o incorreto) ser\u00e1 marcada.<\/p>\n<\/div><\/section>\n<div class='av-buildercomment  '><\/div>\n","protected":false},"excerpt":{"rendered":"","protected":false},"author":2,"featured_media":0,"parent":28,"menu_order":7,"comment_status":"open","ping_status":"open","template":"","meta":[],"_links":{"self":[{"href":"https:\/\/sites.pr.sebrae.com.br\/wiki\/wp-json\/wp\/v2\/pages\/434"}],"collection":[{"href":"https:\/\/sites.pr.sebrae.com.br\/wiki\/wp-json\/wp\/v2\/pages"}],"about":[{"href":"https:\/\/sites.pr.sebrae.com.br\/wiki\/wp-json\/wp\/v2\/types\/page"}],"author":[{"embeddable":true,"href":"https:\/\/sites.pr.sebrae.com.br\/wiki\/wp-json\/wp\/v2\/users\/2"}],"replies":[{"embeddable":true,"href":"https:\/\/sites.pr.sebrae.com.br\/wiki\/wp-json\/wp\/v2\/comments?post=434"}],"version-history":[{"count":4,"href":"https:\/\/sites.pr.sebrae.com.br\/wiki\/wp-json\/wp\/v2\/pages\/434\/revisions"}],"predecessor-version":[{"id":889,"href":"https:\/\/sites.pr.sebrae.com.br\/wiki\/wp-json\/wp\/v2\/pages\/434\/revisions\/889"}],"up":[{"embeddable":true,"href":"https:\/\/sites.pr.sebrae.com.br\/wiki\/wp-json\/wp\/v2\/pages\/28"}],"wp:attachment":[{"href":"https:\/\/sites.pr.sebrae.com.br\/wiki\/wp-json\/wp\/v2\/media?parent=434"}],"curies":[{"name":"wp","href":"https:\/\/api.w.org\/{rel}","templated":true}]}}