{"id":425,"date":"2018-09-17T11:14:06","date_gmt":"2018-09-17T14:14:06","guid":{"rendered":"https:\/\/sites.pr.sebrae.com.br\/wiki\/?page_id=425"},"modified":"2018-09-18T15:04:12","modified_gmt":"2018-09-18T18:04:12","slug":"consultaprog","status":"publish","type":"page","link":"https:\/\/sites.pr.sebrae.com.br\/wiki\/campanha\/consultaprog\/","title":{"rendered":"Consulta(Prog)"},"content":{"rendered":"<section class=\"av_textblock_section \"  itemscope=\"itemscope\" itemtype=\"https:\/\/schema.org\/CreativeWork\" ><div class='avia_textblock  '   itemprop=\"text\" ><h3>Consulta (Prog)<\/h3>\n<p>Consulta de campanhas programadas.<\/p>\n<p>A busca realizada \u00e9 simples, basta ter alguma das informa\u00e7\u00f5es solicitadas na tela. Por nenhum dos campos ser obrigat\u00f3rio a busca pode ser realizada de forma geral\u00a0 tamb\u00e9m.<\/p>\n<p><img loading=\"lazy\" class=\"alignnone size-full wp-image-488\" src=\"https:\/\/sites.pr.sebrae.com.br\/wiki\/wp-content\/uploads\/2018\/09\/consultaprog1.jpg\" alt=\"\" width=\"974\" height=\"410\" srcset=\"https:\/\/sites.pr.sebrae.com.br\/wiki\/wp-content\/uploads\/2018\/09\/consultaprog1.jpg 974w, https:\/\/sites.pr.sebrae.com.br\/wiki\/wp-content\/uploads\/2018\/09\/consultaprog1-300x126.jpg 300w, https:\/\/sites.pr.sebrae.com.br\/wiki\/wp-content\/uploads\/2018\/09\/consultaprog1-768x323.jpg 768w, https:\/\/sites.pr.sebrae.com.br\/wiki\/wp-content\/uploads\/2018\/09\/consultaprog1-705x297.jpg 705w, https:\/\/sites.pr.sebrae.com.br\/wiki\/wp-content\/uploads\/2018\/09\/consultaprog1-450x189.jpg 450w\" sizes=\"(max-width: 974px) 100vw, 974px\" \/><\/p>\n<\/div><\/section>\n<div class='av-buildercomment  '><\/div>\n","protected":false},"excerpt":{"rendered":"","protected":false},"author":2,"featured_media":0,"parent":28,"menu_order":4,"comment_status":"open","ping_status":"open","template":"","meta":[],"_links":{"self":[{"href":"https:\/\/sites.pr.sebrae.com.br\/wiki\/wp-json\/wp\/v2\/pages\/425"}],"collection":[{"href":"https:\/\/sites.pr.sebrae.com.br\/wiki\/wp-json\/wp\/v2\/pages"}],"about":[{"href":"https:\/\/sites.pr.sebrae.com.br\/wiki\/wp-json\/wp\/v2\/types\/page"}],"author":[{"embeddable":true,"href":"https:\/\/sites.pr.sebrae.com.br\/wiki\/wp-json\/wp\/v2\/users\/2"}],"replies":[{"embeddable":true,"href":"https:\/\/sites.pr.sebrae.com.br\/wiki\/wp-json\/wp\/v2\/comments?post=425"}],"version-history":[{"count":4,"href":"https:\/\/sites.pr.sebrae.com.br\/wiki\/wp-json\/wp\/v2\/pages\/425\/revisions"}],"predecessor-version":[{"id":886,"href":"https:\/\/sites.pr.sebrae.com.br\/wiki\/wp-json\/wp\/v2\/pages\/425\/revisions\/886"}],"up":[{"embeddable":true,"href":"https:\/\/sites.pr.sebrae.com.br\/wiki\/wp-json\/wp\/v2\/pages\/28"}],"wp:attachment":[{"href":"https:\/\/sites.pr.sebrae.com.br\/wiki\/wp-json\/wp\/v2\/media?parent=425"}],"curies":[{"name":"wp","href":"https:\/\/api.w.org\/{rel}","templated":true}]}}