{"id":418,"date":"2018-09-17T10:58:12","date_gmt":"2018-09-17T13:58:12","guid":{"rendered":"https:\/\/sites.pr.sebrae.com.br\/wiki\/?page_id=418"},"modified":"2018-09-18T15:02:38","modified_gmt":"2018-09-18T18:02:38","slug":"consulta","status":"publish","type":"page","link":"https:\/\/sites.pr.sebrae.com.br\/wiki\/campanha\/consulta\/","title":{"rendered":"Consulta"},"content":{"rendered":"<section class=\"av_textblock_section \"  itemscope=\"itemscope\" itemtype=\"https:\/\/schema.org\/CreativeWork\" ><div class='avia_textblock  '   itemprop=\"text\" ><h3>Consulta Campanha<\/h3>\n<p>A busca de campanha pode ser executada atrav\u00e9s de v\u00e1rios filtros dispon\u00edveis na tela:<\/p>\n<p><img loading=\"lazy\" class=\"alignnone size-full wp-image-471\" src=\"https:\/\/sites.pr.sebrae.com.br\/wiki\/wp-content\/uploads\/2018\/09\/consutacampanha_1.jpg\" alt=\"\" width=\"975\" height=\"263\" srcset=\"https:\/\/sites.pr.sebrae.com.br\/wiki\/wp-content\/uploads\/2018\/09\/consutacampanha_1.jpg 975w, https:\/\/sites.pr.sebrae.com.br\/wiki\/wp-content\/uploads\/2018\/09\/consutacampanha_1-300x81.jpg 300w, https:\/\/sites.pr.sebrae.com.br\/wiki\/wp-content\/uploads\/2018\/09\/consutacampanha_1-768x207.jpg 768w, https:\/\/sites.pr.sebrae.com.br\/wiki\/wp-content\/uploads\/2018\/09\/consutacampanha_1-705x190.jpg 705w, https:\/\/sites.pr.sebrae.com.br\/wiki\/wp-content\/uploads\/2018\/09\/consutacampanha_1-450x121.jpg 450w\" sizes=\"(max-width: 975px) 100vw, 975px\" \/><\/p>\n<p>No resultado ser\u00e3o listado todos os resultados poss\u00edveis, caso ela ainda esteja no status em que possa ser editada, essa op\u00e7\u00e3o deve aparecer na lateral:<\/p>\n<p><img loading=\"lazy\" class=\"alignnone size-full wp-image-472\" src=\"https:\/\/sites.pr.sebrae.com.br\/wiki\/wp-content\/uploads\/2018\/09\/consutacampanha_2.jpg\" alt=\"\" width=\"974\" height=\"623\" srcset=\"https:\/\/sites.pr.sebrae.com.br\/wiki\/wp-content\/uploads\/2018\/09\/consutacampanha_2.jpg 974w, https:\/\/sites.pr.sebrae.com.br\/wiki\/wp-content\/uploads\/2018\/09\/consutacampanha_2-300x192.jpg 300w, https:\/\/sites.pr.sebrae.com.br\/wiki\/wp-content\/uploads\/2018\/09\/consutacampanha_2-768x491.jpg 768w, https:\/\/sites.pr.sebrae.com.br\/wiki\/wp-content\/uploads\/2018\/09\/consutacampanha_2-705x451.jpg 705w, https:\/\/sites.pr.sebrae.com.br\/wiki\/wp-content\/uploads\/2018\/09\/consutacampanha_2-450x288.jpg 450w\" sizes=\"(max-width: 974px) 100vw, 974px\" \/><\/p>\n<p>Uma campanha que ainda esteja em execu\u00e7\u00e3o pode ser acessada pela consulta e editada, o status tamb\u00e9m pode ser alterado, dessa forma \u00e9 poss\u00edvel encerrar uma campanha antes do prazo final de execu\u00e7\u00e3o.<\/p>\n<p><img loading=\"lazy\" class=\"alignnone size-full wp-image-473\" src=\"https:\/\/sites.pr.sebrae.com.br\/wiki\/wp-content\/uploads\/2018\/09\/consutacampanha_3.jpg\" alt=\"\" width=\"1014\" height=\"89\" srcset=\"https:\/\/sites.pr.sebrae.com.br\/wiki\/wp-content\/uploads\/2018\/09\/consutacampanha_3.jpg 1014w, https:\/\/sites.pr.sebrae.com.br\/wiki\/wp-content\/uploads\/2018\/09\/consutacampanha_3-300x26.jpg 300w, https:\/\/sites.pr.sebrae.com.br\/wiki\/wp-content\/uploads\/2018\/09\/consutacampanha_3-768x67.jpg 768w, https:\/\/sites.pr.sebrae.com.br\/wiki\/wp-content\/uploads\/2018\/09\/consutacampanha_3-705x62.jpg 705w, https:\/\/sites.pr.sebrae.com.br\/wiki\/wp-content\/uploads\/2018\/09\/consutacampanha_3-450x39.jpg 450w\" sizes=\"(max-width: 1014px) 100vw, 1014px\" \/><\/p>\n<p><img loading=\"lazy\" class=\"alignnone size-full wp-image-474\" src=\"https:\/\/sites.pr.sebrae.com.br\/wiki\/wp-content\/uploads\/2018\/09\/consutacampanha_4.jpg\" alt=\"\" width=\"456\" height=\"118\" srcset=\"https:\/\/sites.pr.sebrae.com.br\/wiki\/wp-content\/uploads\/2018\/09\/consutacampanha_4.jpg 456w, https:\/\/sites.pr.sebrae.com.br\/wiki\/wp-content\/uploads\/2018\/09\/consutacampanha_4-300x78.jpg 300w, https:\/\/sites.pr.sebrae.com.br\/wiki\/wp-content\/uploads\/2018\/09\/consutacampanha_4-450x116.jpg 450w\" sizes=\"(max-width: 456px) 100vw, 456px\" \/><\/p>\n<p>Qualquer informa\u00e7\u00e3o pode ser alterada, desde que a campanha ainda n\u00e3o tenha sido iniciada. Altera\u00e7\u00f5es de Status podem ser feitas at\u00e9 que ela seja encerrada.<\/p>\n<\/div><\/section>\n<div class='av-buildercomment  '><\/div>\n","protected":false},"excerpt":{"rendered":"","protected":false},"author":2,"featured_media":0,"parent":28,"menu_order":2,"comment_status":"open","ping_status":"open","template":"","meta":[],"_links":{"self":[{"href":"https:\/\/sites.pr.sebrae.com.br\/wiki\/wp-json\/wp\/v2\/pages\/418"}],"collection":[{"href":"https:\/\/sites.pr.sebrae.com.br\/wiki\/wp-json\/wp\/v2\/pages"}],"about":[{"href":"https:\/\/sites.pr.sebrae.com.br\/wiki\/wp-json\/wp\/v2\/types\/page"}],"author":[{"embeddable":true,"href":"https:\/\/sites.pr.sebrae.com.br\/wiki\/wp-json\/wp\/v2\/users\/2"}],"replies":[{"embeddable":true,"href":"https:\/\/sites.pr.sebrae.com.br\/wiki\/wp-json\/wp\/v2\/comments?post=418"}],"version-history":[{"count":4,"href":"https:\/\/sites.pr.sebrae.com.br\/wiki\/wp-json\/wp\/v2\/pages\/418\/revisions"}],"predecessor-version":[{"id":981,"href":"https:\/\/sites.pr.sebrae.com.br\/wiki\/wp-json\/wp\/v2\/pages\/418\/revisions\/981"}],"up":[{"embeddable":true,"href":"https:\/\/sites.pr.sebrae.com.br\/wiki\/wp-json\/wp\/v2\/pages\/28"}],"wp:attachment":[{"href":"https:\/\/sites.pr.sebrae.com.br\/wiki\/wp-json\/wp\/v2\/media?parent=418"}],"curies":[{"name":"wp","href":"https:\/\/api.w.org\/{rel}","templated":true}]}}