{"id":389,"date":"2018-09-11T14:03:05","date_gmt":"2018-09-11T17:03:05","guid":{"rendered":"https:\/\/sites.pr.sebrae.com.br\/wiki\/?page_id=389"},"modified":"2020-12-02T12:15:57","modified_gmt":"2020-12-02T15:15:57","slug":"cadastro-tipoint","status":"publish","type":"page","link":"https:\/\/sites.pr.sebrae.com.br\/wiki\/interacao\/cadastro-tipoint\/","title":{"rendered":"Cadastro Tipo(int)"},"content":{"rendered":"<section class=\"av_textblock_section \"  itemscope=\"itemscope\" itemtype=\"https:\/\/schema.org\/CreativeWork\" ><div class='avia_textblock  '   itemprop=\"text\" ><h1>INTERA\u00c7\u00c3O<\/h1>\n<h3><strong>CADASTRO TIPO<br \/>\n<\/strong><strong style=\"font-size: 16px;\">Novo tipo de intera\u00e7\u00e3o detalhada:<\/strong><strong><br \/>\n<\/strong><\/h3>\n<p><img loading=\"lazy\" class=\"alignnone size-full wp-image-177\" src=\"https:\/\/sites.pr.sebrae.com.br\/wiki\/wp-content\/uploads\/2018\/07\/CadastroTipoint_1.jpg\" alt=\"\" width=\"977\" height=\"283\" srcset=\"https:\/\/sites.pr.sebrae.com.br\/wiki\/wp-content\/uploads\/2018\/07\/CadastroTipoint_1.jpg 977w, https:\/\/sites.pr.sebrae.com.br\/wiki\/wp-content\/uploads\/2018\/07\/CadastroTipoint_1-300x87.jpg 300w, https:\/\/sites.pr.sebrae.com.br\/wiki\/wp-content\/uploads\/2018\/07\/CadastroTipoint_1-768x222.jpg 768w, https:\/\/sites.pr.sebrae.com.br\/wiki\/wp-content\/uploads\/2018\/07\/CadastroTipoint_1-705x204.jpg 705w, https:\/\/sites.pr.sebrae.com.br\/wiki\/wp-content\/uploads\/2018\/07\/CadastroTipoint_1-450x130.jpg 450w\" sizes=\"(max-width: 977px) 100vw, 977px\" \/><\/p>\n<p>Para buscar e editar um tipo de intera\u00e7\u00e3o que j\u00e1 existe \u00e9 necess\u00e1rio digitar no Nome do Tipo de Intera\u00e7\u00e3o o nome utilizado, o auto complete ir\u00e1 mostrar os resultados, selecionando um deles a tela ser\u00e1 carregada com a informa\u00e7\u00f5es cadastradas.<\/p>\n<p><img loading=\"lazy\" class=\"alignnone size-full wp-image-178\" src=\"https:\/\/sites.pr.sebrae.com.br\/wiki\/wp-content\/uploads\/2018\/07\/CadastroTipoint_2.jpg\" alt=\"\" width=\"340\" height=\"103\" srcset=\"https:\/\/sites.pr.sebrae.com.br\/wiki\/wp-content\/uploads\/2018\/07\/CadastroTipoint_2.jpg 340w, https:\/\/sites.pr.sebrae.com.br\/wiki\/wp-content\/uploads\/2018\/07\/CadastroTipoint_2-300x91.jpg 300w\" sizes=\"(max-width: 340px) 100vw, 340px\" \/><\/p>\n<p>Para cadastrar um novo tipo o campo Nome do Tipo de Intera\u00e7\u00e3o deve ser preenchido com um nome que ainda n\u00e3o esteja em uso, depois de digitar clique fora do campo ou &#8220;TAB&#8221; no teclado, a tela ir\u00e1 carregar com algumas informa\u00e7\u00f5es j\u00e1 configuradas e que podem ser alteradas, algumas outras informa\u00e7\u00f5es devem ser adicionadas.<\/p>\n<p><img loading=\"lazy\" class=\"alignnone size-full wp-image-179\" src=\"https:\/\/sites.pr.sebrae.com.br\/wiki\/wp-content\/uploads\/2018\/07\/CadastroTipoint_3.jpg\" alt=\"\" width=\"962\" height=\"202\" srcset=\"https:\/\/sites.pr.sebrae.com.br\/wiki\/wp-content\/uploads\/2018\/07\/CadastroTipoint_3.jpg 962w, https:\/\/sites.pr.sebrae.com.br\/wiki\/wp-content\/uploads\/2018\/07\/CadastroTipoint_3-300x63.jpg 300w, https:\/\/sites.pr.sebrae.com.br\/wiki\/wp-content\/uploads\/2018\/07\/CadastroTipoint_3-768x161.jpg 768w, https:\/\/sites.pr.sebrae.com.br\/wiki\/wp-content\/uploads\/2018\/07\/CadastroTipoint_3-705x148.jpg 705w, https:\/\/sites.pr.sebrae.com.br\/wiki\/wp-content\/uploads\/2018\/07\/CadastroTipoint_3-450x94.jpg 450w\" sizes=\"(max-width: 962px) 100vw, 962px\" \/><\/p>\n<p>Nessa etapa \u00e9 necess\u00e1rio preencher a data de in\u00edcio e fim da vig\u00eancia desse tipo de intera\u00e7\u00e3o, podendo ser por tempo indeterminado.<\/p>\n<p>A op\u00e7\u00e3o <em>Intera\u00e7\u00e3o de Campanha<\/em> somente deve ser selecionada se esse tipo de intera\u00e7\u00e3o for utilizado para a\u00e7\u00f5es de Campanha, que normalmente ser\u00e3o intera\u00e7\u00f5es do tipo Ativo e realizadas pela Central de Relacionamento.<\/p>\n<p>\u00c9 poss\u00edvel deixar o nome da intera\u00e7\u00e3o igual ao nome de um produto que ser\u00e1 vinculado a essa intera\u00e7\u00e3o, quando essa op\u00e7\u00e3o \u00e9 selecionada o campo nome fica congelado.<\/p>\n<p><img loading=\"lazy\" class=\"alignnone size-full wp-image-180\" src=\"https:\/\/sites.pr.sebrae.com.br\/wiki\/wp-content\/uploads\/2018\/07\/CadastroTipoint_4.jpg\" alt=\"\" width=\"860\" height=\"136\" srcset=\"https:\/\/sites.pr.sebrae.com.br\/wiki\/wp-content\/uploads\/2018\/07\/CadastroTipoint_4.jpg 860w, https:\/\/sites.pr.sebrae.com.br\/wiki\/wp-content\/uploads\/2018\/07\/CadastroTipoint_4-300x47.jpg 300w, https:\/\/sites.pr.sebrae.com.br\/wiki\/wp-content\/uploads\/2018\/07\/CadastroTipoint_4-768x121.jpg 768w, https:\/\/sites.pr.sebrae.com.br\/wiki\/wp-content\/uploads\/2018\/07\/CadastroTipoint_4-705x111.jpg 705w, https:\/\/sites.pr.sebrae.com.br\/wiki\/wp-content\/uploads\/2018\/07\/CadastroTipoint_4-450x71.jpg 450w\" sizes=\"(max-width: 860px) 100vw, 860px\" \/><\/p>\n<p>O tipo de relacionamento dessa intera\u00e7\u00e3o tamb\u00e9m dever\u00e1 ser selecionado.<\/p>\n<p>Logo ser\u00e1 necess\u00e1rio verificar se as marca\u00e7\u00f5es que vem pr\u00e9-selecionadas est\u00e3o de acordo com as necessidades desse tipo de intera\u00e7\u00e3o. Por exemplo, \u00e9 nessa parte que se defini se o tipo de intera\u00e7\u00e3o vai exigir centro de custo ou n\u00e3o.<\/p>\n<p>Todos esses elementos de cadastro ser\u00e3o refletidos no momento de cadastrar uma intera\u00e7\u00e3o, caso o combo esteja desmarcado, no momento da intera\u00e7\u00e3o, essa informa\u00e7\u00e3o n\u00e3o ser\u00e1 solicitada em tela.<\/p>\n<p><img loading=\"lazy\" class=\"alignnone size-full wp-image-181\" src=\"https:\/\/sites.pr.sebrae.com.br\/wiki\/wp-content\/uploads\/2018\/07\/CadastroTipoint_5.jpg\" alt=\"\" width=\"967\" height=\"372\" srcset=\"https:\/\/sites.pr.sebrae.com.br\/wiki\/wp-content\/uploads\/2018\/07\/CadastroTipoint_5.jpg 967w, https:\/\/sites.pr.sebrae.com.br\/wiki\/wp-content\/uploads\/2018\/07\/CadastroTipoint_5-300x115.jpg 300w, https:\/\/sites.pr.sebrae.com.br\/wiki\/wp-content\/uploads\/2018\/07\/CadastroTipoint_5-768x295.jpg 768w, https:\/\/sites.pr.sebrae.com.br\/wiki\/wp-content\/uploads\/2018\/07\/CadastroTipoint_5-705x271.jpg 705w, https:\/\/sites.pr.sebrae.com.br\/wiki\/wp-content\/uploads\/2018\/07\/CadastroTipoint_5-450x173.jpg 450w\" sizes=\"(max-width: 967px) 100vw, 967px\" \/><\/p>\n<p>No final da tela temos as op\u00e7\u00e3o de quem deve ter a permiss\u00e3o nesse tipo de intera\u00e7\u00e3o, podendo ser selecionada a op\u00e7\u00e3o todos os usu\u00e1rios e todas as unidades.<br \/>\nCaso a intera\u00e7\u00e3o seja habilitada apenas para algumas pessoas, basta realizar a busca no auto complete e incluir.<\/p>\n<p><img loading=\"lazy\" class=\"alignnone size-full wp-image-182\" src=\"https:\/\/sites.pr.sebrae.com.br\/wiki\/wp-content\/uploads\/2018\/07\/CadastroTipoint_6.jpg\" alt=\"\" width=\"980\" height=\"212\" srcset=\"https:\/\/sites.pr.sebrae.com.br\/wiki\/wp-content\/uploads\/2018\/07\/CadastroTipoint_6.jpg 980w, https:\/\/sites.pr.sebrae.com.br\/wiki\/wp-content\/uploads\/2018\/07\/CadastroTipoint_6-300x65.jpg 300w, https:\/\/sites.pr.sebrae.com.br\/wiki\/wp-content\/uploads\/2018\/07\/CadastroTipoint_6-768x166.jpg 768w, https:\/\/sites.pr.sebrae.com.br\/wiki\/wp-content\/uploads\/2018\/07\/CadastroTipoint_6-705x153.jpg 705w, https:\/\/sites.pr.sebrae.com.br\/wiki\/wp-content\/uploads\/2018\/07\/CadastroTipoint_6-450x97.jpg 450w\" sizes=\"(max-width: 980px) 100vw, 980px\" \/><\/p>\n<p>Quando l\u00e1 no in\u00edcio tiver sido selecionada a op\u00e7\u00e3o Utilizar nome do Produto, a parte final da tela ser\u00e1 um pouco diferente.<br \/>\nUm campo para buscar o produto ser\u00e1 habilitado, basta realizar a busca do produto e incluir.<\/p>\n<p><img loading=\"lazy\" class=\"alignnone size-full wp-image-183\" src=\"https:\/\/sites.pr.sebrae.com.br\/wiki\/wp-content\/uploads\/2018\/07\/CadastroTipoint_7.jpg\" alt=\"\" width=\"981\" height=\"273\" srcset=\"https:\/\/sites.pr.sebrae.com.br\/wiki\/wp-content\/uploads\/2018\/07\/CadastroTipoint_7.jpg 981w, https:\/\/sites.pr.sebrae.com.br\/wiki\/wp-content\/uploads\/2018\/07\/CadastroTipoint_7-300x83.jpg 300w, https:\/\/sites.pr.sebrae.com.br\/wiki\/wp-content\/uploads\/2018\/07\/CadastroTipoint_7-768x214.jpg 768w, https:\/\/sites.pr.sebrae.com.br\/wiki\/wp-content\/uploads\/2018\/07\/CadastroTipoint_7-705x196.jpg 705w, https:\/\/sites.pr.sebrae.com.br\/wiki\/wp-content\/uploads\/2018\/07\/CadastroTipoint_7-450x125.jpg 450w\" sizes=\"(max-width: 981px) 100vw, 981px\" \/><\/p>\n<p>Nesse caso o nome da intera\u00e7\u00e3o ser\u00e1 Internet na Medida.<\/p>\n<p>Feito todas as configura\u00e7\u00f5es necess\u00e1rias, clicar em Cadastrar.<\/p>\n<p><img loading=\"lazy\" class=\"alignnone size-full wp-image-184\" src=\"https:\/\/sites.pr.sebrae.com.br\/wiki\/wp-content\/uploads\/2018\/07\/CadastroTipoint_8.jpg\" alt=\"\" width=\"140\" height=\"32\" \/><\/p>\n<\/div><\/section>\n<div class='av-buildercomment  '><\/div>\n","protected":false},"excerpt":{"rendered":"","protected":false},"author":2,"featured_media":0,"parent":54,"menu_order":4,"comment_status":"open","ping_status":"open","template":"","meta":[],"_links":{"self":[{"href":"https:\/\/sites.pr.sebrae.com.br\/wiki\/wp-json\/wp\/v2\/pages\/389"}],"collection":[{"href":"https:\/\/sites.pr.sebrae.com.br\/wiki\/wp-json\/wp\/v2\/pages"}],"about":[{"href":"https:\/\/sites.pr.sebrae.com.br\/wiki\/wp-json\/wp\/v2\/types\/page"}],"author":[{"embeddable":true,"href":"https:\/\/sites.pr.sebrae.com.br\/wiki\/wp-json\/wp\/v2\/users\/2"}],"replies":[{"embeddable":true,"href":"https:\/\/sites.pr.sebrae.com.br\/wiki\/wp-json\/wp\/v2\/comments?post=389"}],"version-history":[{"count":5,"href":"https:\/\/sites.pr.sebrae.com.br\/wiki\/wp-json\/wp\/v2\/pages\/389\/revisions"}],"predecessor-version":[{"id":1091,"href":"https:\/\/sites.pr.sebrae.com.br\/wiki\/wp-json\/wp\/v2\/pages\/389\/revisions\/1091"}],"up":[{"embeddable":true,"href":"https:\/\/sites.pr.sebrae.com.br\/wiki\/wp-json\/wp\/v2\/pages\/54"}],"wp:attachment":[{"href":"https:\/\/sites.pr.sebrae.com.br\/wiki\/wp-json\/wp\/v2\/media?parent=389"}],"curies":[{"name":"wp","href":"https:\/\/api.w.org\/{rel}","templated":true}]}}