{"id":374,"date":"2018-09-11T13:27:37","date_gmt":"2018-09-11T16:27:37","guid":{"rendered":"https:\/\/sites.pr.sebrae.com.br\/wiki\/?page_id=374"},"modified":"2018-09-18T15:16:23","modified_gmt":"2018-09-18T18:16:23","slug":"disponibilizacoes","status":"publish","type":"page","link":"https:\/\/sites.pr.sebrae.com.br\/wiki\/relatorios\/disponibilizacoes\/","title":{"rendered":"Disponibiliza\u00e7\u00f5es"},"content":{"rendered":"<section class=\"av_textblock_section \"  itemscope=\"itemscope\" itemtype=\"https:\/\/schema.org\/CreativeWork\" ><div class='avia_textblock  '   itemprop=\"text\" ><h1>Relat\u00f3rios<\/h1>\n<h3>Disponibiliza\u00e7\u00f5es &gt; Atendimentos<\/h3>\n<p>Esse \u00e9 um relat\u00f3rio de vendas e agendamentos de disponibiliza\u00e7\u00f5es, os filtros para gerar o relat\u00f3rio s\u00e3o bem simples, que pode ser o n\u00famero da disponibiliza\u00e7\u00e3o, o per\u00edodo (que ir\u00e1 mostrar todas as disp dentro do per\u00edodo selecionado) ou at\u00e9 mesmo um produto em especifico.<\/p>\n<p><img loading=\"lazy\" class=\"alignnone size-full wp-image-342\" src=\"https:\/\/sites.pr.sebrae.com.br\/wiki\/wp-content\/uploads\/2018\/09\/Atendimento_1.jpg\" alt=\"\" width=\"975\" height=\"346\" srcset=\"https:\/\/sites.pr.sebrae.com.br\/wiki\/wp-content\/uploads\/2018\/09\/Atendimento_1.jpg 975w, https:\/\/sites.pr.sebrae.com.br\/wiki\/wp-content\/uploads\/2018\/09\/Atendimento_1-300x106.jpg 300w, https:\/\/sites.pr.sebrae.com.br\/wiki\/wp-content\/uploads\/2018\/09\/Atendimento_1-768x273.jpg 768w, https:\/\/sites.pr.sebrae.com.br\/wiki\/wp-content\/uploads\/2018\/09\/Atendimento_1-705x250.jpg 705w, https:\/\/sites.pr.sebrae.com.br\/wiki\/wp-content\/uploads\/2018\/09\/Atendimento_1-450x160.jpg 450w\" sizes=\"(max-width: 975px) 100vw, 975px\" \/><\/p>\n<p>Ap\u00f3s preencher os filtros basta clicar em imprimir, o sistema deve gerar um relat\u00f3rio em PDF, os resultados devem ser mostrados um na sequ\u00eancia do outro.<\/p>\n<p><img loading=\"lazy\" class=\"alignnone size-full wp-image-343\" src=\"https:\/\/sites.pr.sebrae.com.br\/wiki\/wp-content\/uploads\/2018\/09\/Atendimento_2.jpg\" alt=\"\" width=\"994\" height=\"579\" srcset=\"https:\/\/sites.pr.sebrae.com.br\/wiki\/wp-content\/uploads\/2018\/09\/Atendimento_2.jpg 994w, https:\/\/sites.pr.sebrae.com.br\/wiki\/wp-content\/uploads\/2018\/09\/Atendimento_2-300x175.jpg 300w, https:\/\/sites.pr.sebrae.com.br\/wiki\/wp-content\/uploads\/2018\/09\/Atendimento_2-768x447.jpg 768w, https:\/\/sites.pr.sebrae.com.br\/wiki\/wp-content\/uploads\/2018\/09\/Atendimento_2-705x411.jpg 705w, https:\/\/sites.pr.sebrae.com.br\/wiki\/wp-content\/uploads\/2018\/09\/Atendimento_2-450x262.jpg 450w\" sizes=\"(max-width: 994px) 100vw, 994px\" \/><\/p>\n<\/div><\/section>\n<div class='av-buildercomment  '><\/div>\n","protected":false},"excerpt":{"rendered":"","protected":false},"author":2,"featured_media":0,"parent":50,"menu_order":4,"comment_status":"open","ping_status":"open","template":"","meta":[],"_links":{"self":[{"href":"https:\/\/sites.pr.sebrae.com.br\/wiki\/wp-json\/wp\/v2\/pages\/374"}],"collection":[{"href":"https:\/\/sites.pr.sebrae.com.br\/wiki\/wp-json\/wp\/v2\/pages"}],"about":[{"href":"https:\/\/sites.pr.sebrae.com.br\/wiki\/wp-json\/wp\/v2\/types\/page"}],"author":[{"embeddable":true,"href":"https:\/\/sites.pr.sebrae.com.br\/wiki\/wp-json\/wp\/v2\/users\/2"}],"replies":[{"embeddable":true,"href":"https:\/\/sites.pr.sebrae.com.br\/wiki\/wp-json\/wp\/v2\/comments?post=374"}],"version-history":[{"count":4,"href":"https:\/\/sites.pr.sebrae.com.br\/wiki\/wp-json\/wp\/v2\/pages\/374\/revisions"}],"predecessor-version":[{"id":688,"href":"https:\/\/sites.pr.sebrae.com.br\/wiki\/wp-json\/wp\/v2\/pages\/374\/revisions\/688"}],"up":[{"embeddable":true,"href":"https:\/\/sites.pr.sebrae.com.br\/wiki\/wp-json\/wp\/v2\/pages\/50"}],"wp:attachment":[{"href":"https:\/\/sites.pr.sebrae.com.br\/wiki\/wp-json\/wp\/v2\/media?parent=374"}],"curies":[{"name":"wp","href":"https:\/\/api.w.org\/{rel}","templated":true}]}}