{"id":368,"date":"2018-09-11T13:18:53","date_gmt":"2018-09-11T16:18:53","guid":{"rendered":"https:\/\/sites.pr.sebrae.com.br\/wiki\/?page_id=368"},"modified":"2018-09-18T15:16:04","modified_gmt":"2018-09-18T18:16:04","slug":"ativo-consolidado","status":"publish","type":"page","link":"https:\/\/sites.pr.sebrae.com.br\/wiki\/relatorios\/ativo-consolidado\/","title":{"rendered":"Ativo Consolidado"},"content":{"rendered":"<section class=\"av_textblock_section \"  itemscope=\"itemscope\" itemtype=\"https:\/\/schema.org\/CreativeWork\" ><div class='avia_textblock  '   itemprop=\"text\" ><h1>Relat\u00f3rios<\/h1>\n<h3>Ativo Consolidado<\/h3>\n<p>Relat\u00f3rio que mostra as liga\u00e7\u00f5es realizadas aos clientes, essas liga\u00e7\u00f5es s\u00e3o feitas atrav\u00e9s de campanhas geradas pelo menu Campanha onde pendencias s\u00e3o geradas para o atendimento.<\/p>\n<p>A busca pode ser feita pelo numero da Campanha ou at\u00e9 mesmo apenas pelo Objetivo.<\/p>\n<p><img loading=\"lazy\" class=\"alignnone size-full wp-image-344\" src=\"https:\/\/sites.pr.sebrae.com.br\/wiki\/wp-content\/uploads\/2018\/09\/AtivoConsolidado_1.jpg\" alt=\"\" width=\"977\" height=\"230\" srcset=\"https:\/\/sites.pr.sebrae.com.br\/wiki\/wp-content\/uploads\/2018\/09\/AtivoConsolidado_1.jpg 977w, https:\/\/sites.pr.sebrae.com.br\/wiki\/wp-content\/uploads\/2018\/09\/AtivoConsolidado_1-300x71.jpg 300w, https:\/\/sites.pr.sebrae.com.br\/wiki\/wp-content\/uploads\/2018\/09\/AtivoConsolidado_1-768x181.jpg 768w, https:\/\/sites.pr.sebrae.com.br\/wiki\/wp-content\/uploads\/2018\/09\/AtivoConsolidado_1-705x166.jpg 705w, https:\/\/sites.pr.sebrae.com.br\/wiki\/wp-content\/uploads\/2018\/09\/AtivoConsolidado_1-450x106.jpg 450w\" sizes=\"(max-width: 977px) 100vw, 977px\" \/><\/p>\n<p>Nesse exemplo a busca foi feita pelo Objetivo (Pesquisa de Mercado), ap\u00f3s clicar em Gerar Relat\u00f3rio um Excel \u00e9 mostrado com as informa\u00e7\u00f5es.<\/p>\n<p><img loading=\"lazy\" class=\"alignnone size-full wp-image-345\" src=\"https:\/\/sites.pr.sebrae.com.br\/wiki\/wp-content\/uploads\/2018\/09\/AtivoConsolidado_2.jpg\" alt=\"\" width=\"1192\" height=\"456\" srcset=\"https:\/\/sites.pr.sebrae.com.br\/wiki\/wp-content\/uploads\/2018\/09\/AtivoConsolidado_2.jpg 1192w, https:\/\/sites.pr.sebrae.com.br\/wiki\/wp-content\/uploads\/2018\/09\/AtivoConsolidado_2-300x115.jpg 300w, https:\/\/sites.pr.sebrae.com.br\/wiki\/wp-content\/uploads\/2018\/09\/AtivoConsolidado_2-768x294.jpg 768w, https:\/\/sites.pr.sebrae.com.br\/wiki\/wp-content\/uploads\/2018\/09\/AtivoConsolidado_2-1030x394.jpg 1030w, https:\/\/sites.pr.sebrae.com.br\/wiki\/wp-content\/uploads\/2018\/09\/AtivoConsolidado_2-705x270.jpg 705w, https:\/\/sites.pr.sebrae.com.br\/wiki\/wp-content\/uploads\/2018\/09\/AtivoConsolidado_2-450x172.jpg 450w\" sizes=\"(max-width: 1192px) 100vw, 1192px\" \/><\/p>\n<\/div><\/section>\n<div class='av-buildercomment  '><\/div>\n","protected":false},"excerpt":{"rendered":"","protected":false},"author":2,"featured_media":0,"parent":50,"menu_order":3,"comment_status":"open","ping_status":"open","template":"","meta":[],"_links":{"self":[{"href":"https:\/\/sites.pr.sebrae.com.br\/wiki\/wp-json\/wp\/v2\/pages\/368"}],"collection":[{"href":"https:\/\/sites.pr.sebrae.com.br\/wiki\/wp-json\/wp\/v2\/pages"}],"about":[{"href":"https:\/\/sites.pr.sebrae.com.br\/wiki\/wp-json\/wp\/v2\/types\/page"}],"author":[{"embeddable":true,"href":"https:\/\/sites.pr.sebrae.com.br\/wiki\/wp-json\/wp\/v2\/users\/2"}],"replies":[{"embeddable":true,"href":"https:\/\/sites.pr.sebrae.com.br\/wiki\/wp-json\/wp\/v2\/comments?post=368"}],"version-history":[{"count":4,"href":"https:\/\/sites.pr.sebrae.com.br\/wiki\/wp-json\/wp\/v2\/pages\/368\/revisions"}],"predecessor-version":[{"id":929,"href":"https:\/\/sites.pr.sebrae.com.br\/wiki\/wp-json\/wp\/v2\/pages\/368\/revisions\/929"}],"up":[{"embeddable":true,"href":"https:\/\/sites.pr.sebrae.com.br\/wiki\/wp-json\/wp\/v2\/pages\/50"}],"wp:attachment":[{"href":"https:\/\/sites.pr.sebrae.com.br\/wiki\/wp-json\/wp\/v2\/media?parent=368"}],"curies":[{"name":"wp","href":"https:\/\/api.w.org\/{rel}","templated":true}]}}