{"id":359,"date":"2018-09-11T13:08:01","date_gmt":"2018-09-11T16:08:01","guid":{"rendered":"https:\/\/sites.pr.sebrae.com.br\/wiki\/?page_id=359"},"modified":"2018-09-18T15:15:34","modified_gmt":"2018-09-18T18:15:34","slug":"resultado-de-campanhas","status":"publish","type":"page","link":"https:\/\/sites.pr.sebrae.com.br\/wiki\/relatorios\/resultado-de-campanhas\/","title":{"rendered":"Resultado de campanhas"},"content":{"rendered":"<section class=\"av_textblock_section \"  itemscope=\"itemscope\" itemtype=\"https:\/\/schema.org\/CreativeWork\" ><div class='avia_textblock  '   itemprop=\"text\" ><h1>Relat\u00f3rios<\/h1>\n<h3>Resultado de Campanhas<\/h3>\n<p>Nessa op\u00e7\u00e3o \u00e9 poss\u00edvel verificar o resultado das campanhas geradas pelo menu Campanha. Para fazer a busca \u00e9 necess\u00e1rio preencher algumas informa\u00e7\u00f5es como por exemplo o c\u00f3digo da campanha ou o per\u00edodo de realiza\u00e7\u00e3o.<\/p>\n<p>Ap\u00f3s preencher as informa\u00e7\u00f5es \u00e9 s\u00f3 clicar em Gerar Relat\u00f3rio.<\/p>\n<p><img loading=\"lazy\" class=\"alignnone wp-image-348 size-full\" src=\"https:\/\/sites.pr.sebrae.com.br\/wiki\/wp-content\/uploads\/2018\/09\/ResultadodeCampanhas_1.jpg\" alt=\"\" width=\"986\" height=\"272\" srcset=\"https:\/\/sites.pr.sebrae.com.br\/wiki\/wp-content\/uploads\/2018\/09\/ResultadodeCampanhas_1.jpg 986w, https:\/\/sites.pr.sebrae.com.br\/wiki\/wp-content\/uploads\/2018\/09\/ResultadodeCampanhas_1-300x83.jpg 300w, https:\/\/sites.pr.sebrae.com.br\/wiki\/wp-content\/uploads\/2018\/09\/ResultadodeCampanhas_1-768x212.jpg 768w, https:\/\/sites.pr.sebrae.com.br\/wiki\/wp-content\/uploads\/2018\/09\/ResultadodeCampanhas_1-705x194.jpg 705w, https:\/\/sites.pr.sebrae.com.br\/wiki\/wp-content\/uploads\/2018\/09\/ResultadodeCampanhas_1-450x124.jpg 450w\" sizes=\"(max-width: 986px) 100vw, 986px\" \/><\/p>\n<p>O resultado \u00e9 mostrado em um arquivo Excel:<\/p>\n<p><img loading=\"lazy\" class=\"alignnone wp-image-349 size-full\" src=\"https:\/\/sites.pr.sebrae.com.br\/wiki\/wp-content\/uploads\/2018\/09\/ResultadodeCampanhas_2.jpg\" alt=\"\" width=\"1180\" height=\"285\" srcset=\"https:\/\/sites.pr.sebrae.com.br\/wiki\/wp-content\/uploads\/2018\/09\/ResultadodeCampanhas_2.jpg 1180w, https:\/\/sites.pr.sebrae.com.br\/wiki\/wp-content\/uploads\/2018\/09\/ResultadodeCampanhas_2-300x72.jpg 300w, https:\/\/sites.pr.sebrae.com.br\/wiki\/wp-content\/uploads\/2018\/09\/ResultadodeCampanhas_2-768x185.jpg 768w, https:\/\/sites.pr.sebrae.com.br\/wiki\/wp-content\/uploads\/2018\/09\/ResultadodeCampanhas_2-1030x249.jpg 1030w, https:\/\/sites.pr.sebrae.com.br\/wiki\/wp-content\/uploads\/2018\/09\/ResultadodeCampanhas_2-705x170.jpg 705w, https:\/\/sites.pr.sebrae.com.br\/wiki\/wp-content\/uploads\/2018\/09\/ResultadodeCampanhas_2-450x109.jpg 450w\" sizes=\"(max-width: 1180px) 100vw, 1180px\" \/><\/p>\n<\/div><\/section>\n<div class='av-buildercomment  '><\/div>\n","protected":false},"excerpt":{"rendered":"","protected":false},"author":2,"featured_media":0,"parent":50,"menu_order":2,"comment_status":"open","ping_status":"open","template":"","meta":[],"_links":{"self":[{"href":"https:\/\/sites.pr.sebrae.com.br\/wiki\/wp-json\/wp\/v2\/pages\/359"}],"collection":[{"href":"https:\/\/sites.pr.sebrae.com.br\/wiki\/wp-json\/wp\/v2\/pages"}],"about":[{"href":"https:\/\/sites.pr.sebrae.com.br\/wiki\/wp-json\/wp\/v2\/types\/page"}],"author":[{"embeddable":true,"href":"https:\/\/sites.pr.sebrae.com.br\/wiki\/wp-json\/wp\/v2\/users\/2"}],"replies":[{"embeddable":true,"href":"https:\/\/sites.pr.sebrae.com.br\/wiki\/wp-json\/wp\/v2\/comments?post=359"}],"version-history":[{"count":5,"href":"https:\/\/sites.pr.sebrae.com.br\/wiki\/wp-json\/wp\/v2\/pages\/359\/revisions"}],"predecessor-version":[{"id":930,"href":"https:\/\/sites.pr.sebrae.com.br\/wiki\/wp-json\/wp\/v2\/pages\/359\/revisions\/930"}],"up":[{"embeddable":true,"href":"https:\/\/sites.pr.sebrae.com.br\/wiki\/wp-json\/wp\/v2\/pages\/50"}],"wp:attachment":[{"href":"https:\/\/sites.pr.sebrae.com.br\/wiki\/wp-json\/wp\/v2\/media?parent=359"}],"curies":[{"name":"wp","href":"https:\/\/api.w.org\/{rel}","templated":true}]}}