{"id":341,"date":"2018-09-11T12:58:41","date_gmt":"2018-09-11T15:58:41","guid":{"rendered":"https:\/\/sites.pr.sebrae.com.br\/wiki\/?page_id=341"},"modified":"2018-09-18T15:15:20","modified_gmt":"2018-09-18T18:15:20","slug":"relatorios-dinamicos","status":"publish","type":"page","link":"https:\/\/sites.pr.sebrae.com.br\/wiki\/relatorios\/relatorios-dinamicos\/","title":{"rendered":"Relat\u00f3rios Din\u00e2micos"},"content":{"rendered":"<section class=\"av_textblock_section \"  itemscope=\"itemscope\" itemtype=\"https:\/\/schema.org\/CreativeWork\" ><div class='avia_textblock  '   itemprop=\"text\" ><h1>RELAT\u00d3RIOS<\/h1>\n<h3>Relat\u00f3rios Din\u00e2micos<\/h3>\n<p>Nessa op\u00e7\u00e3o \u00e9 poss\u00edvel visualizar a lista completa de relat\u00f3rios dispon\u00edveis no sistema, os relat\u00f3rios devem aparecer conforme o perfil do usu\u00e1rio.<\/p>\n<p><img loading=\"lazy\" class=\"alignnone wp-image-346 size-full\" src=\"https:\/\/sites.pr.sebrae.com.br\/wiki\/wp-content\/uploads\/2018\/09\/Relat\u00f3riosDin\u00e2micos_1.jpg\" alt=\"\" width=\"976\" height=\"479\" srcset=\"https:\/\/sites.pr.sebrae.com.br\/wiki\/wp-content\/uploads\/2018\/09\/Relat\u00f3riosDin\u00e2micos_1.jpg 976w, https:\/\/sites.pr.sebrae.com.br\/wiki\/wp-content\/uploads\/2018\/09\/Relat\u00f3riosDin\u00e2micos_1-300x147.jpg 300w, https:\/\/sites.pr.sebrae.com.br\/wiki\/wp-content\/uploads\/2018\/09\/Relat\u00f3riosDin\u00e2micos_1-768x377.jpg 768w, https:\/\/sites.pr.sebrae.com.br\/wiki\/wp-content\/uploads\/2018\/09\/Relat\u00f3riosDin\u00e2micos_1-705x346.jpg 705w, https:\/\/sites.pr.sebrae.com.br\/wiki\/wp-content\/uploads\/2018\/09\/Relat\u00f3riosDin\u00e2micos_1-450x221.jpg 450w\" sizes=\"(max-width: 976px) 100vw, 976px\" \/><\/p>\n<p>Basta selecionar o relat\u00f3rio desejado e preencher as informa\u00e7\u00f5es necess\u00e1rias para a cria\u00e7\u00e3o do mesmo. Cada relat\u00f3rio pode exigir diferentes tipos de informa\u00e7\u00f5es para ser gerado, vejamos esse exemplo:<br \/>\n<em>Relat\u00f3rio ATENDIMENTO DOS AGENTES DE PA<\/em><\/p>\n<p><img loading=\"lazy\" class=\"alignnone wp-image-347 size-full\" src=\"https:\/\/sites.pr.sebrae.com.br\/wiki\/wp-content\/uploads\/2018\/09\/Relat\u00f3riosDin\u00e2micos_2.jpg\" alt=\"\" width=\"790\" height=\"251\" srcset=\"https:\/\/sites.pr.sebrae.com.br\/wiki\/wp-content\/uploads\/2018\/09\/Relat\u00f3riosDin\u00e2micos_2.jpg 790w, https:\/\/sites.pr.sebrae.com.br\/wiki\/wp-content\/uploads\/2018\/09\/Relat\u00f3riosDin\u00e2micos_2-300x95.jpg 300w, https:\/\/sites.pr.sebrae.com.br\/wiki\/wp-content\/uploads\/2018\/09\/Relat\u00f3riosDin\u00e2micos_2-768x244.jpg 768w, https:\/\/sites.pr.sebrae.com.br\/wiki\/wp-content\/uploads\/2018\/09\/Relat\u00f3riosDin\u00e2micos_2-705x224.jpg 705w, https:\/\/sites.pr.sebrae.com.br\/wiki\/wp-content\/uploads\/2018\/09\/Relat\u00f3riosDin\u00e2micos_2-450x143.jpg 450w\" sizes=\"(max-width: 790px) 100vw, 790px\" \/><\/p>\n<p>O resultado pode ser apenas visualizado ou gerado um Excel com as informa\u00e7\u00f5es.<\/p>\n<\/div><\/section>\n<div class='av-buildercomment  '><\/div>\n","protected":false},"excerpt":{"rendered":"","protected":false},"author":2,"featured_media":0,"parent":50,"menu_order":1,"comment_status":"open","ping_status":"open","template":"","meta":[],"_links":{"self":[{"href":"https:\/\/sites.pr.sebrae.com.br\/wiki\/wp-json\/wp\/v2\/pages\/341"}],"collection":[{"href":"https:\/\/sites.pr.sebrae.com.br\/wiki\/wp-json\/wp\/v2\/pages"}],"about":[{"href":"https:\/\/sites.pr.sebrae.com.br\/wiki\/wp-json\/wp\/v2\/types\/page"}],"author":[{"embeddable":true,"href":"https:\/\/sites.pr.sebrae.com.br\/wiki\/wp-json\/wp\/v2\/users\/2"}],"replies":[{"embeddable":true,"href":"https:\/\/sites.pr.sebrae.com.br\/wiki\/wp-json\/wp\/v2\/comments?post=341"}],"version-history":[{"count":7,"href":"https:\/\/sites.pr.sebrae.com.br\/wiki\/wp-json\/wp\/v2\/pages\/341\/revisions"}],"predecessor-version":[{"id":979,"href":"https:\/\/sites.pr.sebrae.com.br\/wiki\/wp-json\/wp\/v2\/pages\/341\/revisions\/979"}],"up":[{"embeddable":true,"href":"https:\/\/sites.pr.sebrae.com.br\/wiki\/wp-json\/wp\/v2\/pages\/50"}],"wp:attachment":[{"href":"https:\/\/sites.pr.sebrae.com.br\/wiki\/wp-json\/wp\/v2\/media?parent=341"}],"curies":[{"name":"wp","href":"https:\/\/api.w.org\/{rel}","templated":true}]}}