{"id":20,"date":"2018-07-12T11:53:22","date_gmt":"2018-07-12T14:53:22","guid":{"rendered":"https:\/\/sites.pr.sebrae.com.br\/wiki\/?page_id=20"},"modified":"2018-11-13T16:14:38","modified_gmt":"2018-11-13T18:14:38","slug":"produto","status":"publish","type":"page","link":"https:\/\/sites.pr.sebrae.com.br\/wiki\/produto\/","title":{"rendered":"Produto"},"content":{"rendered":"<section class=\"av_textblock_section \"  itemscope=\"itemscope\" itemtype=\"https:\/\/schema.org\/CreativeWork\" ><div class='avia_textblock  '   itemprop=\"text\" ><h3>Produto<\/h3>\n<p>Os Produtos podem ser utilizados em Disponibiliza\u00e7\u00e3o e Intera\u00e7\u00e3o, gerando sempre a contabiliza\u00e7\u00e3o das realiza\u00e7\u00f5es.<br \/>\nCada disponibiliza\u00e7\u00e3o pode ter uma configura\u00e7\u00e3o especifica, e existem 2 tipos (produto padr\u00e3o e produto externo). Dentro do produto padr\u00e3o\u00a0 temos ainda a marca\u00e7\u00e3o de produto template, ou seja as defini\u00e7\u00f5es gerais podem ser definidas diretamente no cadastro de uma disponibiliza\u00e7\u00e3o.<\/p>\n<p>O cadastro de produto padr\u00e3o \u00e9 executado apenas pela UGIP, e o produto externo por todas as unidades, basta a pessoa ter as permiss\u00f5es necess\u00e1rias.<\/p>\n<p>No menu temos quatro op\u00e7\u00f5es:<\/p>\n<ul>\n<li><a href=\"https:\/\/sites.pr.sebrae.com.br\/wiki\/produto\/cadastro-de-produto\/\">Cadastro de Produto<\/a><\/li>\n<li><a href=\"https:\/\/sites.pr.sebrae.com.br\/wiki\/produto\/cadastro-de-produto-externo\/\">Cadastro de Produto Externo<\/a><\/li>\n<li><a href=\"https:\/\/sites.pr.sebrae.com.br\/wiki\/produto\/produto-template\/\">Cadastro de Produto Template<\/a><\/li>\n<li><a href=\"https:\/\/sites.pr.sebrae.com.br\/wiki\/produto\/consulta-produto\/\">Consulta de Produto<\/a><\/li>\n<\/ul>\n<\/div><\/section>\n","protected":false},"excerpt":{"rendered":"","protected":false},"author":1,"featured_media":0,"parent":0,"menu_order":0,"comment_status":"closed","ping_status":"closed","template":"","meta":[],"_links":{"self":[{"href":"https:\/\/sites.pr.sebrae.com.br\/wiki\/wp-json\/wp\/v2\/pages\/20"}],"collection":[{"href":"https:\/\/sites.pr.sebrae.com.br\/wiki\/wp-json\/wp\/v2\/pages"}],"about":[{"href":"https:\/\/sites.pr.sebrae.com.br\/wiki\/wp-json\/wp\/v2\/types\/page"}],"author":[{"embeddable":true,"href":"https:\/\/sites.pr.sebrae.com.br\/wiki\/wp-json\/wp\/v2\/users\/1"}],"replies":[{"embeddable":true,"href":"https:\/\/sites.pr.sebrae.com.br\/wiki\/wp-json\/wp\/v2\/comments?post=20"}],"version-history":[{"count":8,"href":"https:\/\/sites.pr.sebrae.com.br\/wiki\/wp-json\/wp\/v2\/pages\/20\/revisions"}],"predecessor-version":[{"id":925,"href":"https:\/\/sites.pr.sebrae.com.br\/wiki\/wp-json\/wp\/v2\/pages\/20\/revisions\/925"}],"wp:attachment":[{"href":"https:\/\/sites.pr.sebrae.com.br\/wiki\/wp-json\/wp\/v2\/media?parent=20"}],"curies":[{"name":"wp","href":"https:\/\/api.w.org\/{rel}","templated":true}]}}