{"id":1162,"date":"2021-01-07T16:07:30","date_gmt":"2021-01-07T19:07:30","guid":{"rendered":"https:\/\/sites.pr.sebrae.com.br\/wiki\/?page_id=1162"},"modified":"2024-06-27T17:23:41","modified_gmt":"2024-06-27T20:23:41","slug":"confirmacao-qrcode","status":"publish","type":"page","link":"https:\/\/sites.pr.sebrae.com.br\/wiki\/disponibilizacao\/cadastro-disp\/confirmacao-qrcode\/","title":{"rendered":"Confirma\u00e7\u00e3o de Presen\u00e7a por link\/QR Code &#8211; Participante"},"content":{"rendered":"<section class=\"av_textblock_section \"  itemscope=\"itemscope\" itemtype=\"https:\/\/schema.org\/CreativeWork\" ><div class='avia_textblock  '   itemprop=\"text\" ><h2>CONFIRMA\u00c7\u00c3O DE PRESEN\u00c7A POR LINK\/QR CODE &#8211; Participante<\/h2>\n<p><strong>CONFIRMA\u00c7\u00c3O DE PRESEN\u00c7A POR LINK\/QR CODE &#8211; Participante<\/strong><\/p>\n<p>Ao selecionar a op\u00e7\u00e3o \u201cGerar link ou QRCode \u2013 Confirma\u00e7\u00e3o de presen\u00e7a\u201d, o sistema ir\u00e1 gerar o link e o QRCode para confirma\u00e7\u00e3o de presen\u00e7a pelo participante. Dessa forma, ser\u00e1 poss\u00edvel disponibilizar o QRCode ou o link de confirma\u00e7\u00e3o de presen\u00e7a na tela do evento online, ou enviar via e-mail aos clientes inscritos. Ao utilizar o QRCode ou link de confirma\u00e7\u00e3o de presen\u00e7a, os participantes inscritos ter\u00e3o a presen\u00e7a confirmada na tela de confirma\u00e7\u00e3o padr\u00e3o, e os dados dos participantes n\u00e3o inscritos, mas que participaram do evento, poder\u00e3o ser acessados atrav\u00e9s de um relat\u00f3rio dispon\u00edvel na aba de acompanhamento da Disponibiliza\u00e7\u00e3o. O respons\u00e1vel pela Disponibiliza\u00e7\u00e3o pode extrair o relat\u00f3rio e realizar a inscri\u00e7\u00e3o desses participantes.<\/p>\n<p><b>Gerando o QRCode ou Link de Confirma\u00e7\u00e3o de Presen\u00e7a<\/b><\/p>\n<p>Para realizar a gera\u00e7\u00e3o de Link ou QRCode para confirma\u00e7\u00e3o de presen\u00e7a, basta acessar a aba <strong>Acompanhamento<\/strong> da disponibiliza\u00e7\u00e3o e selecionar a op\u00e7\u00e3o <strong>Gerar link ou QRCode \u2013 Confirma\u00e7\u00e3o de presen\u00e7a<\/strong>.<\/p>\n<p>Em seguida, ser\u00e1 aberta uma janela para que voc\u00ea selecione a agenda desejada, e ao selecionar a agenda ser\u00e3o exibidos o QRCode e o link para confirma\u00e7\u00e3o da presen\u00e7a.<\/p>\n<p><a href=\"https:\/\/sites.pr.sebrae.com.br\/wiki\/wp-content\/uploads\/2024\/06\/mobile-ex-1.png\"><img loading=\"lazy\" class=\"aligncenter size-full wp-image-1375\" src=\"https:\/\/sites.pr.sebrae.com.br\/wiki\/wp-content\/uploads\/2024\/06\/mobile-ex-1.png\" alt=\"\" width=\"1390\" height=\"616\" srcset=\"https:\/\/sites.pr.sebrae.com.br\/wiki\/wp-content\/uploads\/2024\/06\/mobile-ex-1.png 1390w, https:\/\/sites.pr.sebrae.com.br\/wiki\/wp-content\/uploads\/2024\/06\/mobile-ex-1-300x133.png 300w, https:\/\/sites.pr.sebrae.com.br\/wiki\/wp-content\/uploads\/2024\/06\/mobile-ex-1-1030x456.png 1030w, https:\/\/sites.pr.sebrae.com.br\/wiki\/wp-content\/uploads\/2024\/06\/mobile-ex-1-768x340.png 768w, https:\/\/sites.pr.sebrae.com.br\/wiki\/wp-content\/uploads\/2024\/06\/mobile-ex-1-705x312.png 705w, https:\/\/sites.pr.sebrae.com.br\/wiki\/wp-content\/uploads\/2024\/06\/mobile-ex-1-450x199.png 450w\" sizes=\"(max-width: 1390px) 100vw, 1390px\" \/><\/a><\/p>\n<p>Quando o cliente apontar a c\u00e2mera do celular para o QRCode ou clicar no link, ele ser\u00e1 direcionado a uma tela para inserir os dados de confirma\u00e7\u00e3o, como nome, CPF, telefone e e-mail.<\/p>\n<p><img loading=\"lazy\" class=\"alignnone size-full wp-image-1164\" src=\"https:\/\/sites.pr.sebrae.com.br\/wiki\/wp-content\/uploads\/2021\/01\/QRCODE3.jpg\" alt=\"\" width=\"1138\" height=\"444\" srcset=\"https:\/\/sites.pr.sebrae.com.br\/wiki\/wp-content\/uploads\/2021\/01\/QRCODE3.jpg 1138w, https:\/\/sites.pr.sebrae.com.br\/wiki\/wp-content\/uploads\/2021\/01\/QRCODE3-300x117.jpg 300w, https:\/\/sites.pr.sebrae.com.br\/wiki\/wp-content\/uploads\/2021\/01\/QRCODE3-1030x402.jpg 1030w, https:\/\/sites.pr.sebrae.com.br\/wiki\/wp-content\/uploads\/2021\/01\/QRCODE3-768x300.jpg 768w, https:\/\/sites.pr.sebrae.com.br\/wiki\/wp-content\/uploads\/2021\/01\/QRCODE3-705x275.jpg 705w, https:\/\/sites.pr.sebrae.com.br\/wiki\/wp-content\/uploads\/2021\/01\/QRCODE3-450x176.jpg 450w\" sizes=\"(max-width: 1138px) 100vw, 1138px\" \/><\/p>\n<p>Ap\u00f3s o preenchimento, ser\u00e1 exibida a mensagem de <strong>presen\u00e7a confirmada<\/strong>:<\/p>\n<p><img loading=\"lazy\" class=\"size-full wp-image-1165 aligncenter\" src=\"https:\/\/sites.pr.sebrae.com.br\/wiki\/wp-content\/uploads\/2021\/01\/QRCODE4.jpg\" alt=\"\" width=\"407\" height=\"304\" srcset=\"https:\/\/sites.pr.sebrae.com.br\/wiki\/wp-content\/uploads\/2021\/01\/QRCODE4.jpg 407w, https:\/\/sites.pr.sebrae.com.br\/wiki\/wp-content\/uploads\/2021\/01\/QRCODE4-300x224.jpg 300w\" sizes=\"(max-width: 407px) 100vw, 407px\" \/><\/p>\n<p>Caso o evento ainda n\u00e3o tenha iniciado, ser\u00e1 exibida a mensagem <strong>Evento n\u00e3o iniciado:<br \/>\n<\/strong><span style=\"color: #ff0000;\">Obs. Foi adicionada uma regra que permite que os participantes se inscrevam no evento caso falte at\u00e9 duas horas para o evento come\u00e7ar, ex: evento come\u00e7a 14:00, as 12:00 j\u00e1 ir\u00e1 permitir a inscri\u00e7\u00e3o.\u00a0<\/span><\/p>\n<p><img loading=\"lazy\" class=\"wp-image-1198 aligncenter\" src=\"https:\/\/sites.pr.sebrae.com.br\/wiki\/wp-content\/uploads\/2021\/01\/naoiniciada.jpg\" alt=\"\" width=\"551\" height=\"304\" srcset=\"https:\/\/sites.pr.sebrae.com.br\/wiki\/wp-content\/uploads\/2021\/01\/naoiniciada.jpg 649w, https:\/\/sites.pr.sebrae.com.br\/wiki\/wp-content\/uploads\/2021\/01\/naoiniciada-300x165.jpg 300w, https:\/\/sites.pr.sebrae.com.br\/wiki\/wp-content\/uploads\/2021\/01\/naoiniciada-450x248.jpg 450w\" sizes=\"(max-width: 551px) 100vw, 551px\" \/><\/p>\n<p><b><br \/>\n<\/b><span style=\"color: #ff0000;\"><span style=\"color: #000000;\">Devemos nos atentar a regra existente na aba &#8220;Execu\u00e7\u00e3o&#8221; no cadastro do produto relativa a % de presen\u00e7a:<\/span><\/span><\/p>\n<p><span style=\"color: #ff0000;\"><strong>Presen\u00e7a por dia<\/strong> &#8211; Caso tenham 3 agendas no dia, na mesma disp, confirmar para uma ir\u00e1 confirmar para todas.<\/span><br \/>\n<span style=\"color: #ff0000;\"> <strong>Presen\u00e7a para o curso<\/strong> &#8211; Neste caso, mesmo que existam diversas agendas em diversos dias, confirmar para uma ir\u00e1 consequentemente atribuir 100%.<\/span><br \/>\n<span style=\"color: #ff0000;\"> <strong>Presen\u00e7a por per\u00edodo<\/strong> &#8211; Aqui, cada confirma\u00e7\u00e3o ir\u00e1 valer para cada agenda, se existirem 2 agendas na disp, confirmar para uma ir\u00e1 garantir apenas 50% de presen\u00e7a.<\/span><br \/>\n<b><br \/>\nGerar Relat\u00f3rio para Presen\u00e7a Online<\/b><\/p>\n<p>Para gerar o relat\u00f3rio de presen\u00e7a online, basta acessar a aba \u201cAcompanhamento da disponibiliza\u00e7\u00e3o\u201d e selecionar a op\u00e7\u00e3o \u201cGerar relat\u00f3rio para presen\u00e7a online\u201d:<\/p>\n<p>Ao clicar nesta op\u00e7\u00e3o, o sistema ir\u00e1 realizar o download do relat\u00f3rio. No arquivo gerado ir\u00e1 constar todos os clientes que confirmaram presen\u00e7a via QRCode ou link de confirma\u00e7\u00e3o de presen\u00e7a, mas que n\u00e3o estavam inscritos na Disponibiliza\u00e7\u00e3o. Os clientes que n\u00e3o possuem inscri\u00e7\u00e3o pr\u00e9via ser\u00e3o adicionados ao relat\u00f3rio, atrav\u00e9s disso ser\u00e1 poss\u00edvel realizar a inscri\u00e7\u00e3o deles diretamente pela op\u00e7\u00e3o \u201cP\u00fablico Fechado\u201d da Disponibiliza\u00e7\u00e3o.<\/p>\n<p>Essas funcionalidades n\u00e3o est\u00e3o dispon\u00edveis para Disponibiliza\u00e7\u00f5es de realizador.<\/p>\n<\/div><\/section>\n<div class='av-buildercomment  '><div class=\"av-buildercomment-unapproved\"><span>The last comment and 7 other comment(s) need to be approved.<\/span><\/div><\/div>\n","protected":false},"excerpt":{"rendered":"","protected":false},"author":2,"featured_media":0,"parent":516,"menu_order":9,"comment_status":"open","ping_status":"closed","template":"","meta":[],"_links":{"self":[{"href":"https:\/\/sites.pr.sebrae.com.br\/wiki\/wp-json\/wp\/v2\/pages\/1162"}],"collection":[{"href":"https:\/\/sites.pr.sebrae.com.br\/wiki\/wp-json\/wp\/v2\/pages"}],"about":[{"href":"https:\/\/sites.pr.sebrae.com.br\/wiki\/wp-json\/wp\/v2\/types\/page"}],"author":[{"embeddable":true,"href":"https:\/\/sites.pr.sebrae.com.br\/wiki\/wp-json\/wp\/v2\/users\/2"}],"replies":[{"embeddable":true,"href":"https:\/\/sites.pr.sebrae.com.br\/wiki\/wp-json\/wp\/v2\/comments?post=1162"}],"version-history":[{"count":9,"href":"https:\/\/sites.pr.sebrae.com.br\/wiki\/wp-json\/wp\/v2\/pages\/1162\/revisions"}],"predecessor-version":[{"id":1391,"href":"https:\/\/sites.pr.sebrae.com.br\/wiki\/wp-json\/wp\/v2\/pages\/1162\/revisions\/1391"}],"up":[{"embeddable":true,"href":"https:\/\/sites.pr.sebrae.com.br\/wiki\/wp-json\/wp\/v2\/pages\/516"}],"wp:attachment":[{"href":"https:\/\/sites.pr.sebrae.com.br\/wiki\/wp-json\/wp\/v2\/media?parent=1162"}],"curies":[{"name":"wp","href":"https:\/\/api.w.org\/{rel}","templated":true}]}}