{"id":1027,"date":"2020-11-08T23:20:48","date_gmt":"2020-11-09T02:20:48","guid":{"rendered":"https:\/\/sites.pr.sebrae.com.br\/wiki\/?page_id=1027"},"modified":"2020-11-17T13:16:57","modified_gmt":"2020-11-17T16:16:57","slug":"consulta-tipoint","status":"publish","type":"page","link":"https:\/\/sites.pr.sebrae.com.br\/wiki\/interacao\/consulta-tipoint\/","title":{"rendered":"Consulta Tipo(int)"},"content":{"rendered":"<h1>INTERA\u00c7\u00c3O<\/h1>\n<h3><strong>CONSULTA TIPO<br \/>\n<\/strong><\/h3>\n<p>SMART &gt; INTERA\u00c7\u00c3O &gt; CONSULTA TIPO (INT)<\/p>\n<p>Nessa op\u00e7\u00e3o ser\u00e1 poss\u00edvel realizar uma busca por tipo de intera\u00e7\u00e3o, preenchendo uma das op\u00e7\u00f5es do filtro:<\/p>\n<p><img loading=\"lazy\" class=\"alignnone size-full wp-image-1078\" src=\"https:\/\/sites.pr.sebrae.com.br\/wiki\/wp-content\/uploads\/2020\/11\/CONSULTA_TIPO.jpg\" alt=\"\" width=\"958\" height=\"501\" srcset=\"https:\/\/sites.pr.sebrae.com.br\/wiki\/wp-content\/uploads\/2020\/11\/CONSULTA_TIPO.jpg 958w, https:\/\/sites.pr.sebrae.com.br\/wiki\/wp-content\/uploads\/2020\/11\/CONSULTA_TIPO-300x157.jpg 300w, https:\/\/sites.pr.sebrae.com.br\/wiki\/wp-content\/uploads\/2020\/11\/CONSULTA_TIPO-768x402.jpg 768w, https:\/\/sites.pr.sebrae.com.br\/wiki\/wp-content\/uploads\/2020\/11\/CONSULTA_TIPO-705x369.jpg 705w, https:\/\/sites.pr.sebrae.com.br\/wiki\/wp-content\/uploads\/2020\/11\/CONSULTA_TIPO-450x235.jpg 450w\" sizes=\"(max-width: 958px) 100vw, 958px\" \/><\/p>\n<p>Ap\u00f3s a consulta, ser\u00e1 possivel editar o tipo de intera\u00e7\u00e3o, basta seguir os passos do <a href=\"https:\/\/sites.pr.sebrae.com.br\/wiki\/interacao\/cadastro-tipoint\/\">cadastro de tipo de intera\u00e7\u00e3o<\/a>.<\/p>\n<p>Lembrando que somente os gestores do Smart podem realizar esse tipo de consulta e cadastro de tipo de intera\u00e7\u00e3o.<\/p>\n<p>&nbsp;<\/p>\n","protected":false},"excerpt":{"rendered":"<p>INTERA\u00c7\u00c3O CONSULTA TIPO SMART &gt; INTERA\u00c7\u00c3O &gt; CONSULTA TIPO (INT) Nessa op\u00e7\u00e3o ser\u00e1 poss\u00edvel realizar uma busca por tipo de intera\u00e7\u00e3o, preenchendo uma das op\u00e7\u00f5es do filtro: Ap\u00f3s a consulta, ser\u00e1 possivel editar o tipo de intera\u00e7\u00e3o, basta seguir os passos do cadastro de tipo de intera\u00e7\u00e3o. Lembrando que somente os gestores do Smart podem [&hellip;]<\/p>\n","protected":false},"author":2,"featured_media":0,"parent":54,"menu_order":5,"comment_status":"open","ping_status":"closed","template":"","meta":[],"_links":{"self":[{"href":"https:\/\/sites.pr.sebrae.com.br\/wiki\/wp-json\/wp\/v2\/pages\/1027"}],"collection":[{"href":"https:\/\/sites.pr.sebrae.com.br\/wiki\/wp-json\/wp\/v2\/pages"}],"about":[{"href":"https:\/\/sites.pr.sebrae.com.br\/wiki\/wp-json\/wp\/v2\/types\/page"}],"author":[{"embeddable":true,"href":"https:\/\/sites.pr.sebrae.com.br\/wiki\/wp-json\/wp\/v2\/users\/2"}],"replies":[{"embeddable":true,"href":"https:\/\/sites.pr.sebrae.com.br\/wiki\/wp-json\/wp\/v2\/comments?post=1027"}],"version-history":[{"count":5,"href":"https:\/\/sites.pr.sebrae.com.br\/wiki\/wp-json\/wp\/v2\/pages\/1027\/revisions"}],"predecessor-version":[{"id":1077,"href":"https:\/\/sites.pr.sebrae.com.br\/wiki\/wp-json\/wp\/v2\/pages\/1027\/revisions\/1077"}],"up":[{"embeddable":true,"href":"https:\/\/sites.pr.sebrae.com.br\/wiki\/wp-json\/wp\/v2\/pages\/54"}],"wp:attachment":[{"href":"https:\/\/sites.pr.sebrae.com.br\/wiki\/wp-json\/wp\/v2\/media?parent=1027"}],"curies":[{"name":"wp","href":"https:\/\/api.w.org\/{rel}","templated":true}]}}