{"id":5650,"date":"2024-02-27T15:01:38","date_gmt":"2024-02-27T18:01:38","guid":{"rendered":"https:\/\/sites.pr.sebrae.com.br\/afus\/?page_id=5650"},"modified":"2026-01-27T10:54:25","modified_gmt":"2026-01-27T13:54:25","slug":"regional-sul","status":"publish","type":"page","link":"https:\/\/sites.pr.sebrae.com.br\/afus\/regional-sul\/","title":{"rendered":"Conv\u00eanios"},"content":{"rendered":"<section class=\"av_textblock_section \"  itemscope=\"itemscope\" itemtype=\"https:\/\/schema.org\/CreativeWork\" ><div class='avia_textblock  av_inherit_color '  style='color:#af2828; '  itemprop=\"text\" ><h1 style=\"text-align: center;\">Conv\u00eanio Angela Ceccon<\/h1>\n<\/div><\/section>\n<div class=\"flex_column av_one_full  flex_column_div av-zero-column-padding first  avia-builder-el-1  el_after_av_textblock  avia-builder-el-last  column-top-margin\" style='border-radius:0px; '><p><div  class='avia-image-container  av-styling-    avia-builder-el-2  el_before_av_button  avia-builder-el-first  avia-align-center '  itemprop=\"image\" itemscope=\"itemscope\" itemtype=\"https:\/\/schema.org\/ImageObject\"  ><div class='avia-image-container-inner'><div class='avia-image-overlay-wrap'><img class='wp-image-10659 avia-img-lazy-loading-not-10659 avia_image' src=\"https:\/\/sites.pr.sebrae.com.br\/afus\/wp-content\/uploads\/Ate-10-em-cursos-de-graduacao-pos-graduacao-cursos-de-curta-duracao-ou-de-idiomas.-Solicite-sua-declaracao-de-associado-no-e-mail-da-Afus.-1-300x251.png\" alt='' title='At\u00e9 10% em cursos de gradua\u00e7\u00e3o, p\u00f3s-gradua\u00e7\u00e3o, cursos de curta dura\u00e7\u00e3o ou de idiomas. Solicite sua declara\u00e7\u00e3o de associado no e-mail da Afus. (1)' height=\"251\" width=\"300\"  itemprop=\"thumbnailUrl\" srcset=\"https:\/\/sites.pr.sebrae.com.br\/afus\/wp-content\/uploads\/Ate-10-em-cursos-de-graduacao-pos-graduacao-cursos-de-curta-duracao-ou-de-idiomas.-Solicite-sua-declaracao-de-associado-no-e-mail-da-Afus.-1-300x251.png 300w, https:\/\/sites.pr.sebrae.com.br\/afus\/wp-content\/uploads\/Ate-10-em-cursos-de-graduacao-pos-graduacao-cursos-de-curta-duracao-ou-de-idiomas.-Solicite-sua-declaracao-de-associado-no-e-mail-da-Afus.-1-768x644.png 768w, https:\/\/sites.pr.sebrae.com.br\/afus\/wp-content\/uploads\/Ate-10-em-cursos-de-graduacao-pos-graduacao-cursos-de-curta-duracao-ou-de-idiomas.-Solicite-sua-declaracao-de-associado-no-e-mail-da-Afus.-1-705x591.png 705w, https:\/\/sites.pr.sebrae.com.br\/afus\/wp-content\/uploads\/Ate-10-em-cursos-de-graduacao-pos-graduacao-cursos-de-curta-duracao-ou-de-idiomas.-Solicite-sua-declaracao-de-associado-no-e-mail-da-Afus.-1.png 940w\" sizes=\"(max-width: 300px) 100vw, 300px\" \/><\/div><\/div><\/div><br \/>\n<div  class='avia-button-wrap avia-button-center  avia-builder-el-3  el_after_av_image  avia-builder-el-last ' ><a href='javascript:history.go(-1)'  class='avia-button   avia-icon_select-yes-left-icon avia-size-small avia-position-center '  style='background-color:#005eb8; border-color:#005eb8; color:#ffffff; ' ><span class='avia_button_icon avia_button_icon_left ' aria-hidden='true' data-av_icon='\ue884' data-av_iconfont='entypo-fontello'><\/span><span class='avia_iconbox_title' >Voltar<\/span><\/a><\/div><\/p><\/div>\n","protected":false},"excerpt":{"rendered":"","protected":false},"author":3,"featured_media":0,"parent":0,"menu_order":0,"comment_status":"closed","ping_status":"closed","template":"","meta":[],"_links":{"self":[{"href":"https:\/\/sites.pr.sebrae.com.br\/afus\/wp-json\/wp\/v2\/pages\/5650"}],"collection":[{"href":"https:\/\/sites.pr.sebrae.com.br\/afus\/wp-json\/wp\/v2\/pages"}],"about":[{"href":"https:\/\/sites.pr.sebrae.com.br\/afus\/wp-json\/wp\/v2\/types\/page"}],"author":[{"embeddable":true,"href":"https:\/\/sites.pr.sebrae.com.br\/afus\/wp-json\/wp\/v2\/users\/3"}],"replies":[{"embeddable":true,"href":"https:\/\/sites.pr.sebrae.com.br\/afus\/wp-json\/wp\/v2\/comments?post=5650"}],"version-history":[{"count":10,"href":"https:\/\/sites.pr.sebrae.com.br\/afus\/wp-json\/wp\/v2\/pages\/5650\/revisions"}],"predecessor-version":[{"id":10661,"href":"https:\/\/sites.pr.sebrae.com.br\/afus\/wp-json\/wp\/v2\/pages\/5650\/revisions\/10661"}],"wp:attachment":[{"href":"https:\/\/sites.pr.sebrae.com.br\/afus\/wp-json\/wp\/v2\/media?parent=5650"}],"curies":[{"name":"wp","href":"https:\/\/api.w.org\/{rel}","templated":true}]}}